{"id":2699,"date":"2017-04-02T16:29:29","date_gmt":"2017-04-02T14:29:29","guid":{"rendered":"http:\/\/vintageguitars.fr\/en\/produit\/selmer-constellation\/"},"modified":"2019-02-15T14:35:40","modified_gmt":"2019-02-15T13:35:40","slug":"selmer-constellation","status":"publish","type":"product","link":"https:\/\/vintageguitars.fr\/en\/produit\/selmer-constellation\/","title":{"rendered":"Selmer Constellation"},"content":{"rendered":"<p>Ampli au grain absolument g\u00e9nial. Il vient d&#8217;\u00eatre r\u00e9vis\u00e9, la plaque du circuit imprim\u00e9 a \u00e9t\u00e9 chang\u00e9e car elle avait un peu trop chauff\u00e9, et les composants originaux ont \u00e9t\u00e9 conserv\u00e9s. C&#8217;est un ampli l\u00e9ger, de puissance interm\u00e9diaire (20w) mais qui sonne du tonnerre.<\/p>\n","protected":false},"excerpt":{"rendered":"<p>Ampli au grain absolument g\u00e9nial. Il vient d&#8217;\u00eatre r\u00e9vis\u00e9, la plaque du circuit imprim\u00e9 a \u00e9t\u00e9 chang\u00e9e car elle avait un peu trop chauff\u00e9, et les composants originaux ont \u00e9t\u00e9 conserv\u00e9s. C&#8217;est un ampli l\u00e9ger, de puissance interm\u00e9diaire (20w) mais qui sonne du tonnerre.<\/p>\n","protected":false},"featured_media":2684,"template":"","meta":{"_acf_changed":false},"product_brand":[],"product_cat":[22,30],"product_tag":[],"class_list":{"0":"post-2699","1":"product","2":"type-product","3":"status-publish","4":"has-post-thumbnail","6":"product_cat-amps","7":"product_cat-sold","9":"first","10":"instock","11":"shipping-taxable","12":"purchasable","13":"product-type-simple"},"acf":[],"_links":{"self":[{"href":"https:\/\/vintageguitars.fr\/en\/wp-json\/wp\/v2\/product\/2699","targetHints":{"allow":["GET"]}}],"collection":[{"href":"https:\/\/vintageguitars.fr\/en\/wp-json\/wp\/v2\/product"}],"about":[{"href":"https:\/\/vintageguitars.fr\/en\/wp-json\/wp\/v2\/types\/product"}],"wp:featuredmedia":[{"embeddable":true,"href":"https:\/\/vintageguitars.fr\/en\/wp-json\/wp\/v2\/media\/2684"}],"wp:attachment":[{"href":"https:\/\/vintageguitars.fr\/en\/wp-json\/wp\/v2\/media?parent=2699"}],"wp:term":[{"taxonomy":"product_brand","embeddable":true,"href":"https:\/\/vintageguitars.fr\/en\/wp-json\/wp\/v2\/product_brand?post=2699"},{"taxonomy":"product_cat","embeddable":true,"href":"https:\/\/vintageguitars.fr\/en\/wp-json\/wp\/v2\/product_cat?post=2699"},{"taxonomy":"product_tag","embeddable":true,"href":"https:\/\/vintageguitars.fr\/en\/wp-json\/wp\/v2\/product_tag?post=2699"}],"curies":[{"name":"wp","href":"https:\/\/api.w.org\/{rel}","templated":true}]}}