{"id":24870,"date":"2024-03-26T17:25:47","date_gmt":"2024-03-26T16:25:47","guid":{"rendered":"https:\/\/vintageguitars.fr\/en\/product\/gibson-les-paul-junior-4\/"},"modified":"2024-04-22T14:52:23","modified_gmt":"2024-04-22T12:52:23","slug":"gibson-les-paul-junior-4","status":"publish","type":"product","link":"https:\/\/vintageguitars.fr\/en\/produit\/gibson-les-paul-junior-4\/","title":{"rendered":"Gibson Les Paul Junior"},"content":{"rendered":"<p><strong>R\u00e9serv\u00e9<\/strong><\/p>\n<p>Magnifique instrument de 1959, ann\u00e9e iconique s&#8217;il en est chez Gibson.<\/p>\n<p>Cette Junior est une petite bombe de 3kg, ultra r\u00e9sonante sans m\u00eame \u00eatre branch\u00e9e, vous sentez tout de suite que vous avez quelque chose de sp\u00e9cial entre les mains. Le profil de 59 est une r\u00e9ussite absolue que l&#8217;on recherche toujours aujourd&#8217;hui \u00e0 reproduire avec plus ou moins de succ\u00e8s. Ce manche est comme une \u00e9vidence. La touche est faite d&#8217;un beau morceau de Palissandre de Rio. Le corps et le manche en acajou du Honduras sont en tr\u00e8s bon \u00e9tat, on notera quelques accrocs superficiels ici ou l\u00e0 mais assez peu somem toute et la guitare est exempte de changements ou r\u00e9parations. La finition originale a tr\u00e8s peu vieilli, le cherry est un couleur qui peut s&#8217;estomper on en voit parfois qui tournent au marron. Ce n&#8217;est pas du tout le cas ici. L&#8217;\u00e9lectronique est enti\u00e8rement originale, les soudures sont intactes. Le P90 dog ear d&#8217;origine d\u00e9livre un son chaud et puissant. Agressif et bien rock \u00e0 fort volume, il est aussi doux et moelleux la tonalit\u00e9 un peu baiss\u00e9e. C&#8217;est un instrument original avec ses m\u00e9caniques, chevalets, plaques, \u00e9lectronique, jack d&#8217;origine. Aucun changement \u00e0 signaler. Cette guitare a \u00e9t\u00e9 bichonn\u00e9e. L&#8217;\u00e9tui en carton, est un bon indice pour cela. Ils sont fragiles et celui ci est en excellent \u00e9tat, je ne crois pas en avoir d\u00e9j\u00e0 vu d&#8217;aussi bien conserv\u00e9 d&#8217;ailleurs. Il a m\u00eame \u00e9t\u00e9 renforc\u00e9 avec de petits patchs en tissus aux endroits sensibles, cela t\u00e9moigne bien de toute l&#8217;attention dont cette guitare a b\u00e9n\u00e9fici\u00e9.<\/p>\n<p>&nbsp;<\/p>\n<p>11000 euros<\/p>\n","protected":false},"excerpt":{"rendered":"<p>R\u00e9serv\u00e9 Magnifique instrument de 1959, ann\u00e9e iconique s&#8217;il en est chez Gibson. Cette Junior est une petite bombe de 3kg, ultra r\u00e9sonante sans m\u00eame \u00eatre branch\u00e9e, vous sentez tout de suite que vous avez quelque chose de sp\u00e9cial entre les mains. Le profil de 59 est une r\u00e9ussite absolue que l&#8217;on recherche toujours aujourd&#8217;hui \u00e0 [&hellip;]<\/p>\n","protected":false},"featured_media":24780,"template":"","meta":{"_acf_changed":false},"product_brand":[],"product_cat":[18,8,30],"product_tag":[],"class_list":{"0":"post-24870","1":"product","2":"type-product","3":"status-publish","4":"has-post-thumbnail","6":"product_cat-electric","7":"product_cat-guitars","8":"product_cat-sold","10":"first","11":"instock","12":"shipping-taxable","13":"product-type-simple"},"acf":[],"_links":{"self":[{"href":"https:\/\/vintageguitars.fr\/en\/wp-json\/wp\/v2\/product\/24870","targetHints":{"allow":["GET"]}}],"collection":[{"href":"https:\/\/vintageguitars.fr\/en\/wp-json\/wp\/v2\/product"}],"about":[{"href":"https:\/\/vintageguitars.fr\/en\/wp-json\/wp\/v2\/types\/product"}],"wp:featuredmedia":[{"embeddable":true,"href":"https:\/\/vintageguitars.fr\/en\/wp-json\/wp\/v2\/media\/24780"}],"wp:attachment":[{"href":"https:\/\/vintageguitars.fr\/en\/wp-json\/wp\/v2\/media?parent=24870"}],"wp:term":[{"taxonomy":"product_brand","embeddable":true,"href":"https:\/\/vintageguitars.fr\/en\/wp-json\/wp\/v2\/product_brand?post=24870"},{"taxonomy":"product_cat","embeddable":true,"href":"https:\/\/vintageguitars.fr\/en\/wp-json\/wp\/v2\/product_cat?post=24870"},{"taxonomy":"product_tag","embeddable":true,"href":"https:\/\/vintageguitars.fr\/en\/wp-json\/wp\/v2\/product_tag?post=24870"}],"curies":[{"name":"wp","href":"https:\/\/api.w.org\/{rel}","templated":true}]}}