{"id":24867,"date":"2024-03-26T16:41:53","date_gmt":"2024-03-26T15:41:53","guid":{"rendered":"https:\/\/vintageguitars.fr\/en\/product\/epiphone-wilshire-2\/"},"modified":"2024-04-22T14:52:40","modified_gmt":"2024-04-22T12:52:40","slug":"epiphone-wilshire-2","status":"publish","type":"product","link":"https:\/\/vintageguitars.fr\/en\/produit\/epiphone-wilshire-2\/","title":{"rendered":"Epiphone Wilshire"},"content":{"rendered":"<p><strong>R\u00e9serv\u00e9e<\/strong><\/p>\n<p>100% originale. Cette beaut\u00e9 ne p\u00e8se que 2960 grammes.<\/p>\n<p>C&#8217;est une merveille, vous connaissez mon enthousiasme pour les belles Epiphone, et celle-ci fait vraiment honneur \u00e0 la marque. C&#8217;est une guitare l\u00e9g\u00e8re, vibrante et en parfait \u00e9tat de conservation. On notera juste qu&#8217;un jack a laiss\u00e9 quelques traces en \u00e9tant rang\u00e9 dans l&#8217;\u00e9tui sur le dos de l&#8217;instrument.<\/p>\n<p>Elle joue \u00e0 la perfection. Elle sonne terrible.<\/p>\n<p>Elle est fournie avec son \u00e9tui rigide original, son livret ainsi que ses cordes \u00e0 filets plats.<\/p>\n<p>5490 euros.<\/p>\n","protected":false},"excerpt":{"rendered":"<p>R\u00e9serv\u00e9e 100% originale. Cette beaut\u00e9 ne p\u00e8se que 2960 grammes. C&#8217;est une merveille, vous connaissez mon enthousiasme pour les belles Epiphone, et celle-ci fait vraiment honneur \u00e0 la marque. C&#8217;est une guitare l\u00e9g\u00e8re, vibrante et en parfait \u00e9tat de conservation. On notera juste qu&#8217;un jack a laiss\u00e9 quelques traces en \u00e9tant rang\u00e9 dans l&#8217;\u00e9tui sur [&hellip;]<\/p>\n","protected":false},"featured_media":24695,"template":"","meta":{"_acf_changed":false},"product_brand":[],"product_cat":[18,8,30],"product_tag":[],"class_list":{"0":"post-24867","1":"product","2":"type-product","3":"status-publish","4":"has-post-thumbnail","6":"product_cat-electric","7":"product_cat-guitars","8":"product_cat-sold","10":"first","11":"instock","12":"shipping-taxable","13":"product-type-simple"},"acf":[],"_links":{"self":[{"href":"https:\/\/vintageguitars.fr\/en\/wp-json\/wp\/v2\/product\/24867","targetHints":{"allow":["GET"]}}],"collection":[{"href":"https:\/\/vintageguitars.fr\/en\/wp-json\/wp\/v2\/product"}],"about":[{"href":"https:\/\/vintageguitars.fr\/en\/wp-json\/wp\/v2\/types\/product"}],"wp:featuredmedia":[{"embeddable":true,"href":"https:\/\/vintageguitars.fr\/en\/wp-json\/wp\/v2\/media\/24695"}],"wp:attachment":[{"href":"https:\/\/vintageguitars.fr\/en\/wp-json\/wp\/v2\/media?parent=24867"}],"wp:term":[{"taxonomy":"product_brand","embeddable":true,"href":"https:\/\/vintageguitars.fr\/en\/wp-json\/wp\/v2\/product_brand?post=24867"},{"taxonomy":"product_cat","embeddable":true,"href":"https:\/\/vintageguitars.fr\/en\/wp-json\/wp\/v2\/product_cat?post=24867"},{"taxonomy":"product_tag","embeddable":true,"href":"https:\/\/vintageguitars.fr\/en\/wp-json\/wp\/v2\/product_tag?post=24867"}],"curies":[{"name":"wp","href":"https:\/\/api.w.org\/{rel}","templated":true}]}}