{"id":24136,"date":"2024-02-03T18:48:54","date_gmt":"2024-02-03T17:48:54","guid":{"rendered":"https:\/\/vintageguitars.fr\/en\/product\/gibson-sg\/"},"modified":"2024-02-24T10:53:04","modified_gmt":"2024-02-24T09:53:04","slug":"gibson-sg","status":"publish","type":"product","link":"https:\/\/vintageguitars.fr\/en\/produit\/gibson-sg\/","title":{"rendered":"Gibson SG"},"content":{"rendered":"<p>Cette guitare est enti\u00e8rement originale et comme d&#8217;habitude avec les SG, c&#8217;est un vrai r\u00e9gal \u00e0 jouer avec un manche ultra confortable et ce jusqu&#8217;\u00e0 la derni\u00e8re frette. La guitare est l\u00e9g\u00e8re et en tr\u00e8s bon \u00e9tat. Aucune casse. On notera qu&#8217;un scotch isolant a \u00e9t\u00e9 ajout\u00e9 dans la cavit\u00e9 \u00e9lectronique et que l&#8217;attache courroie a \u00e9t\u00e9 d\u00e9plac\u00e9 temporairement \u00e0 cot\u00e9 des boutons du micro chevalet, ce qui a laiss\u00e9 un petit trou rebouch\u00e9. Les micros sont des Tarbacks originaux et sonnent bien. La touche en palissandre est en bon \u00e9tat, les frettes aussi. Elle est fourni avec son \u00e9tui original, peut \u00eatre l&#8217;\u00e9tui le plus solide que Gibson ait jamais con\u00e7u, la fameux<em> chainsaw case.<\/em><\/p>\n","protected":false},"excerpt":{"rendered":"<p>Cette guitare est enti\u00e8rement originale et comme d&#8217;habitude avec les SG, c&#8217;est un vrai r\u00e9gal \u00e0 jouer avec un manche ultra confortable et ce jusqu&#8217;\u00e0 la derni\u00e8re frette. La guitare est l\u00e9g\u00e8re et en tr\u00e8s bon \u00e9tat. Aucune casse. On notera qu&#8217;un scotch isolant a \u00e9t\u00e9 ajout\u00e9 dans la cavit\u00e9 \u00e9lectronique et que l&#8217;attache courroie [&hellip;]<\/p>\n","protected":false},"featured_media":24117,"template":"","meta":{"_acf_changed":false},"product_brand":[],"product_cat":[18,8,30],"product_tag":[],"class_list":{"0":"post-24136","1":"product","2":"type-product","3":"status-publish","4":"has-post-thumbnail","6":"product_cat-electric","7":"product_cat-guitars","8":"product_cat-sold","10":"first","11":"instock","12":"shipping-taxable","13":"purchasable","14":"product-type-simple"},"acf":[],"_links":{"self":[{"href":"https:\/\/vintageguitars.fr\/en\/wp-json\/wp\/v2\/product\/24136","targetHints":{"allow":["GET"]}}],"collection":[{"href":"https:\/\/vintageguitars.fr\/en\/wp-json\/wp\/v2\/product"}],"about":[{"href":"https:\/\/vintageguitars.fr\/en\/wp-json\/wp\/v2\/types\/product"}],"wp:featuredmedia":[{"embeddable":true,"href":"https:\/\/vintageguitars.fr\/en\/wp-json\/wp\/v2\/media\/24117"}],"wp:attachment":[{"href":"https:\/\/vintageguitars.fr\/en\/wp-json\/wp\/v2\/media?parent=24136"}],"wp:term":[{"taxonomy":"product_brand","embeddable":true,"href":"https:\/\/vintageguitars.fr\/en\/wp-json\/wp\/v2\/product_brand?post=24136"},{"taxonomy":"product_cat","embeddable":true,"href":"https:\/\/vintageguitars.fr\/en\/wp-json\/wp\/v2\/product_cat?post=24136"},{"taxonomy":"product_tag","embeddable":true,"href":"https:\/\/vintageguitars.fr\/en\/wp-json\/wp\/v2\/product_tag?post=24136"}],"curies":[{"name":"wp","href":"https:\/\/api.w.org\/{rel}","templated":true}]}}