{"id":24007,"date":"2024-01-22T14:10:42","date_gmt":"2024-01-22T13:10:42","guid":{"rendered":"https:\/\/vintageguitars.fr\/en\/product\/weissenborn-style-2\/"},"modified":"2025-02-06T16:21:38","modified_gmt":"2025-02-06T15:21:38","slug":"weissenborn-style-2","status":"publish","type":"product","link":"https:\/\/vintageguitars.fr\/en\/produit\/weissenborn-style-2\/","title":{"rendered":"Weissenborn Style 2"},"content":{"rendered":"<p>Mon p\u00e9ch\u00e9 mignon, vous les savez pour ceux qui me connaissent: les Weissenborn.<\/p>\n<p>Rien ne sonne comme une originale. C&#8217;est envo\u00fbtant. Celle-ci est une formidable Style 2, un style peu courant et tr\u00e8s \u00e9l\u00e9gant avec l&#8217;\u00e9chancrure en bout de touche et la fileterie noire en bord de caisse.<\/p>\n<p>L&#8217;instrument est sain et en bon \u00e9tat. Pas de fente. Le filet a \u00e9t\u00e9 recoll\u00e9 par endroits et on notera quelques marques au vernis sur le dos c&#8217;est tout. Un nouveau sillet de t\u00eate a \u00e9t\u00e9 install\u00e9. On a bien le sillet en fonte d&#8217;aluminium sur le chevalet. Le tampon du distributeur exclusif de la c\u00f4te Henry Stadlmair est pr\u00e9sent ainsi que la marque au fer Weissenborn.<\/p>\n<p>Elle poss\u00e8de ce sustain et cette brillance si caract\u00e9ristique des instruments en koa d&#8217;Hermann Weissenborn. D&#8217;ailleurs le Koa est superbe avec de tr\u00e8s joli flammes, je vous laisse admirer.<\/p>\n<p>En \u00e9tui semi rigide.<\/p>\n<p>&nbsp;<\/p>\n","protected":false},"excerpt":{"rendered":"<p>Mon p\u00e9ch\u00e9 mignon, vous les savez pour ceux qui me connaissent: les Weissenborn. Rien ne sonne comme une originale. C&#8217;est envo\u00fbtant. Celle-ci est une formidable Style 2, un style peu courant et tr\u00e8s \u00e9l\u00e9gant avec l&#8217;\u00e9chancrure en bout de touche et la fileterie noire en bord de caisse. L&#8217;instrument est sain et en bon \u00e9tat. [&hellip;]<\/p>\n","protected":false},"featured_media":23977,"template":"","meta":{"_acf_changed":false},"product_brand":[],"product_cat":[15,8,14,30],"product_tag":[],"class_list":{"0":"post-24007","1":"product","2":"type-product","3":"status-publish","4":"has-post-thumbnail","6":"product_cat-accoustic","7":"product_cat-guitars","8":"product_cat-other","9":"product_cat-sold","11":"first","12":"instock","13":"shipping-taxable","14":"purchasable","15":"product-type-simple"},"acf":[],"_links":{"self":[{"href":"https:\/\/vintageguitars.fr\/en\/wp-json\/wp\/v2\/product\/24007","targetHints":{"allow":["GET"]}}],"collection":[{"href":"https:\/\/vintageguitars.fr\/en\/wp-json\/wp\/v2\/product"}],"about":[{"href":"https:\/\/vintageguitars.fr\/en\/wp-json\/wp\/v2\/types\/product"}],"wp:featuredmedia":[{"embeddable":true,"href":"https:\/\/vintageguitars.fr\/en\/wp-json\/wp\/v2\/media\/23977"}],"wp:attachment":[{"href":"https:\/\/vintageguitars.fr\/en\/wp-json\/wp\/v2\/media?parent=24007"}],"wp:term":[{"taxonomy":"product_brand","embeddable":true,"href":"https:\/\/vintageguitars.fr\/en\/wp-json\/wp\/v2\/product_brand?post=24007"},{"taxonomy":"product_cat","embeddable":true,"href":"https:\/\/vintageguitars.fr\/en\/wp-json\/wp\/v2\/product_cat?post=24007"},{"taxonomy":"product_tag","embeddable":true,"href":"https:\/\/vintageguitars.fr\/en\/wp-json\/wp\/v2\/product_tag?post=24007"}],"curies":[{"name":"wp","href":"https:\/\/api.w.org\/{rel}","templated":true}]}}