{"id":23974,"date":"2024-01-22T14:07:26","date_gmt":"2024-01-22T13:07:26","guid":{"rendered":"https:\/\/vintageguitars.fr\/en\/product\/martin-00-17-3\/"},"modified":"2024-03-23T18:22:53","modified_gmt":"2024-03-23T17:22:53","slug":"martin-00-17-3","status":"publish","type":"product","link":"https:\/\/vintageguitars.fr\/en\/produit\/martin-00-17-3\/","title":{"rendered":"Martin 00-17"},"content":{"rendered":"<p><strong>R\u00e9serv\u00e9e<\/strong>.<\/p>\n<p>Excellent petit format en bel \u00e9tat.<\/p>\n<p>Pas de fente ou de r\u00e9paration. Facile \u00e0 jouer avec le bon angle, un peu d&#8217;action juste ce qu&#8217;il faut pour qu&#8217;elle sonne bien sans \u00eatre trop haute: 2,8mm et 3,2mm \u00e0 la 12\u00e8me frette. Le sillet fait 42,8mm.<\/p>\n<p>On notera qu&#8217;un petit insecte xylophage est rentr\u00e9 puis ressorti au dos, on voit son chemin \u00e0 l&#8217;int\u00e9rieur, \u00e7a ne lui a pas plus visiblement.\u00a0 Pas de quoi s&#8217;affoler pour autant, l&#8217;instrument vibre tellement bien.<\/p>\n<p>Le timbre est vraiment excellent, il y a une compression naturelle sur ces instruments qui est charmante. C&#8217;est vraiment typique des caisses en acajou. Le chevalet et la touche sont en Rio. Les frettes sont d&#8217;un bon niveau et la guitare est structurellement saine. Ah oui et elle ne p\u00e8se que 1,5kg !<\/p>\n<p>En \u00e9tui croco carton d&#8217;\u00e9poque.<\/p>\n","protected":false},"excerpt":{"rendered":"<p>R\u00e9serv\u00e9e. Excellent petit format en bel \u00e9tat. Pas de fente ou de r\u00e9paration. Facile \u00e0 jouer avec le bon angle, un peu d&#8217;action juste ce qu&#8217;il faut pour qu&#8217;elle sonne bien sans \u00eatre trop haute: 2,8mm et 3,2mm \u00e0 la 12\u00e8me frette. Le sillet fait 42,8mm. On notera qu&#8217;un petit insecte xylophage est rentr\u00e9 puis [&hellip;]<\/p>\n","protected":false},"featured_media":23947,"template":"","meta":{"_acf_changed":false},"product_brand":[],"product_cat":[15,8,30],"product_tag":[],"class_list":{"0":"post-23974","1":"product","2":"type-product","3":"status-publish","4":"has-post-thumbnail","6":"product_cat-accoustic","7":"product_cat-guitars","8":"product_cat-sold","10":"first","11":"instock","12":"shipping-taxable","13":"product-type-simple"},"acf":[],"_links":{"self":[{"href":"https:\/\/vintageguitars.fr\/en\/wp-json\/wp\/v2\/product\/23974","targetHints":{"allow":["GET"]}}],"collection":[{"href":"https:\/\/vintageguitars.fr\/en\/wp-json\/wp\/v2\/product"}],"about":[{"href":"https:\/\/vintageguitars.fr\/en\/wp-json\/wp\/v2\/types\/product"}],"wp:featuredmedia":[{"embeddable":true,"href":"https:\/\/vintageguitars.fr\/en\/wp-json\/wp\/v2\/media\/23947"}],"wp:attachment":[{"href":"https:\/\/vintageguitars.fr\/en\/wp-json\/wp\/v2\/media?parent=23974"}],"wp:term":[{"taxonomy":"product_brand","embeddable":true,"href":"https:\/\/vintageguitars.fr\/en\/wp-json\/wp\/v2\/product_brand?post=23974"},{"taxonomy":"product_cat","embeddable":true,"href":"https:\/\/vintageguitars.fr\/en\/wp-json\/wp\/v2\/product_cat?post=23974"},{"taxonomy":"product_tag","embeddable":true,"href":"https:\/\/vintageguitars.fr\/en\/wp-json\/wp\/v2\/product_tag?post=23974"}],"curies":[{"name":"wp","href":"https:\/\/api.w.org\/{rel}","templated":true}]}}