{"id":23943,"date":"2024-01-22T14:04:39","date_gmt":"2024-01-22T13:04:39","guid":{"rendered":"https:\/\/vintageguitars.fr\/en\/product\/martin-d-18-4\/"},"modified":"2024-02-08T15:24:40","modified_gmt":"2024-02-08T14:24:40","slug":"martin-d-18-4","status":"publish","type":"product","link":"https:\/\/vintageguitars.fr\/en\/produit\/martin-d-18-4\/","title":{"rendered":"Martin D-18"},"content":{"rendered":"<p>Voici un instrument que j&#8217;ai ramen\u00e9 des USA en 2015 et vendu ici \u00e0 Rennes.<\/p>\n<p>C&#8217;est un instrument tr\u00e8s ouvert qui a beaucoup jou\u00e9 et cela se sent tout de suite en 2 accords. Les notes bondissent, elle est assez impressionnante, c&#8217;est de loin la meilleure D18 des ann\u00e9es 70 que nous ayons eu entre les mains.<\/p>\n<p>La table est magnifique avec un veinage bien droit. La guitare est exempte de fente ou r\u00e9parations.<\/p>\n<p>Le chevalet a probablement \u00e9t\u00e9 recoll\u00e9 car on voit une petite trace d&#8217;outil devant le chevalet mais c&#8217;est vraiment tout ce qu&#8217;on pourrait lui reprocher.<\/p>\n<p>L&#8217;action est basse et la guitare tr\u00e8s agr\u00e9able avec 2,2mm et 2,7mm \u00e0 la 12 \u00e8me frette.<\/p>\n<p>Cette guitare est un instrument de musique formidable. Si vous cherchez une bonne dreadnaught vintage, je vous la recommande chaudement.<\/p>\n<p>En \u00e9tui rigide d&#8217;\u00e9poque avec le badge de Mrs Odon, la propri\u00e9taire de cette guitare aux USA, elle m\u00eame chanteuse de Gospel.<\/p>\n<p>&nbsp;<\/p>\n","protected":false},"excerpt":{"rendered":"<p>Voici un instrument que j&#8217;ai ramen\u00e9 des USA en 2015 et vendu ici \u00e0 Rennes. C&#8217;est un instrument tr\u00e8s ouvert qui a beaucoup jou\u00e9 et cela se sent tout de suite en 2 accords. Les notes bondissent, elle est assez impressionnante, c&#8217;est de loin la meilleure D18 des ann\u00e9es 70 que nous ayons eu entre [&hellip;]<\/p>\n","protected":false},"featured_media":23909,"template":"","meta":{"_acf_changed":false},"product_brand":[],"product_cat":[15,8,30],"product_tag":[],"class_list":{"0":"post-23943","1":"product","2":"type-product","3":"status-publish","4":"has-post-thumbnail","6":"product_cat-accoustic","7":"product_cat-guitars","8":"product_cat-sold","10":"first","11":"instock","12":"shipping-taxable","13":"purchasable","14":"product-type-simple"},"acf":[],"_links":{"self":[{"href":"https:\/\/vintageguitars.fr\/en\/wp-json\/wp\/v2\/product\/23943","targetHints":{"allow":["GET"]}}],"collection":[{"href":"https:\/\/vintageguitars.fr\/en\/wp-json\/wp\/v2\/product"}],"about":[{"href":"https:\/\/vintageguitars.fr\/en\/wp-json\/wp\/v2\/types\/product"}],"wp:featuredmedia":[{"embeddable":true,"href":"https:\/\/vintageguitars.fr\/en\/wp-json\/wp\/v2\/media\/23909"}],"wp:attachment":[{"href":"https:\/\/vintageguitars.fr\/en\/wp-json\/wp\/v2\/media?parent=23943"}],"wp:term":[{"taxonomy":"product_brand","embeddable":true,"href":"https:\/\/vintageguitars.fr\/en\/wp-json\/wp\/v2\/product_brand?post=23943"},{"taxonomy":"product_cat","embeddable":true,"href":"https:\/\/vintageguitars.fr\/en\/wp-json\/wp\/v2\/product_cat?post=23943"},{"taxonomy":"product_tag","embeddable":true,"href":"https:\/\/vintageguitars.fr\/en\/wp-json\/wp\/v2\/product_tag?post=23943"}],"curies":[{"name":"wp","href":"https:\/\/api.w.org\/{rel}","templated":true}]}}