{"id":23904,"date":"2023-06-01T15:40:05","date_gmt":"2023-06-01T13:40:05","guid":{"rendered":"https:\/\/vintageguitars.fr\/en\/product\/eko-electric-mandolin\/"},"modified":"2023-06-01T15:40:05","modified_gmt":"2023-06-01T13:40:05","slug":"eko-electric-mandolin","status":"publish","type":"product","link":"https:\/\/vintageguitars.fr\/en\/produit\/eko-electric-mandolin\/","title":{"rendered":"Eko electric mandolin"},"content":{"rendered":"<p>Sympathique mandoline \u00e9lectrique italienne des ann\u00e9es 70. Cette Eko est en bon \u00e9tat et pr\u00eate \u00e0 jouer avec un manche bien droit et des frettes d&#8217;un bon niveau. On notera seulement 2 petits accrocs au vernis, sur le bord de table et au niveau du micro, mais l&#8217;\u00e9tat reste somme toute tr\u00e8s bon. Le micro marche bien et l&#8217;\u00e9lectronique fonctionne sans probl\u00e8me.<\/p>\n","protected":false},"excerpt":{"rendered":"<p>Sympathique mandoline \u00e9lectrique italienne des ann\u00e9es 70. Cette Eko est en bon \u00e9tat et pr\u00eate \u00e0 jouer avec un manche bien droit et des frettes d&#8217;un bon niveau. On notera seulement 2 petits accrocs au vernis, sur le bord de table et au niveau du micro, mais l&#8217;\u00e9tat reste somme toute tr\u00e8s bon. Le micro [&hellip;]<\/p>\n","protected":false},"featured_media":21572,"template":"","meta":{"_acf_changed":false},"product_brand":[],"product_cat":[14],"product_tag":[],"class_list":{"0":"post-23904","1":"product","2":"type-product","3":"status-publish","4":"has-post-thumbnail","6":"product_cat-other","8":"first","9":"instock","10":"shipping-taxable","11":"purchasable","12":"product-type-simple"},"acf":[],"_links":{"self":[{"href":"https:\/\/vintageguitars.fr\/en\/wp-json\/wp\/v2\/product\/23904","targetHints":{"allow":["GET"]}}],"collection":[{"href":"https:\/\/vintageguitars.fr\/en\/wp-json\/wp\/v2\/product"}],"about":[{"href":"https:\/\/vintageguitars.fr\/en\/wp-json\/wp\/v2\/types\/product"}],"wp:featuredmedia":[{"embeddable":true,"href":"https:\/\/vintageguitars.fr\/en\/wp-json\/wp\/v2\/media\/21572"}],"wp:attachment":[{"href":"https:\/\/vintageguitars.fr\/en\/wp-json\/wp\/v2\/media?parent=23904"}],"wp:term":[{"taxonomy":"product_brand","embeddable":true,"href":"https:\/\/vintageguitars.fr\/en\/wp-json\/wp\/v2\/product_brand?post=23904"},{"taxonomy":"product_cat","embeddable":true,"href":"https:\/\/vintageguitars.fr\/en\/wp-json\/wp\/v2\/product_cat?post=23904"},{"taxonomy":"product_tag","embeddable":true,"href":"https:\/\/vintageguitars.fr\/en\/wp-json\/wp\/v2\/product_tag?post=23904"}],"curies":[{"name":"wp","href":"https:\/\/api.w.org\/{rel}","templated":true}]}}