{"id":23791,"date":"2023-12-20T12:38:50","date_gmt":"2023-12-20T11:38:50","guid":{"rendered":"https:\/\/vintageguitars.fr\/en\/product\/jirowsky-opus-92\/"},"modified":"2024-01-20T10:35:59","modified_gmt":"2024-01-20T09:35:59","slug":"jirowsky-opus-92","status":"publish","type":"product","link":"https:\/\/vintageguitars.fr\/en\/produit\/jirowsky-opus-92\/","title":{"rendered":"Jirowsky Opus 92"},"content":{"rendered":"<p>Guitare fabriqu\u00e9e \u00e0 Vienne en 1936 par Anton Jirowsky luthier en violon, \u00e0 l&#8217;origine d&#8217;une longue lign\u00e9e de luthiers: P\u00e8re d&#8217;Anton Jirowsky II, grand p\u00e8re d&#8217;Anton Jirowsky III.\u00a0 Cette jumbo au corps en palissandre de Rio poss\u00e8de une voix vraiment spectaculaire. Les graves sont hallucinants je n&#8217;avais encore jamais entendu \u00e7a. Le manche est large avec 49 mm au sillet. Pour autant la guitare n&#8217;est pas difficile \u00e0 jouer, elle est tr\u00e8s jouable avec un angle et une action parfaite. Ce sera certainement un des instruments qui m&#8217;aura le plus marqu\u00e9 cette ann\u00e9e. Quelques fentes r\u00e9par\u00e9es sur la table mais l&#8217;\u00e9tat g\u00e9n\u00e9ral est plut\u00f4t bon. Une cl\u00e9 permet de sortir le manche. Le pickguard est en Rio. Chevalet en \u00e9b\u00e8ne joliment travaill\u00e9. M\u00e9caniques originales individuelles. En \u00e9tui rigide original avec int\u00e9rieur en velours.<\/p>\n<p>&nbsp;<\/p>\n","protected":false},"excerpt":{"rendered":"<p>Guitare fabriqu\u00e9e \u00e0 Vienne en 1936 par Anton Jirowsky luthier en violon, \u00e0 l&#8217;origine d&#8217;une longue lign\u00e9e de luthiers: P\u00e8re d&#8217;Anton Jirowsky II, grand p\u00e8re d&#8217;Anton Jirowsky III.\u00a0 Cette jumbo au corps en palissandre de Rio poss\u00e8de une voix vraiment spectaculaire. Les graves sont hallucinants je n&#8217;avais encore jamais entendu \u00e7a. Le manche est large [&hellip;]<\/p>\n","protected":false},"featured_media":23754,"template":"","meta":{"_acf_changed":false},"product_brand":[],"product_cat":[15,8,30],"product_tag":[],"class_list":{"0":"post-23791","1":"product","2":"type-product","3":"status-publish","4":"has-post-thumbnail","6":"product_cat-accoustic","7":"product_cat-guitars","8":"product_cat-sold","10":"first","11":"instock","12":"shipping-taxable","13":"product-type-simple"},"acf":[],"_links":{"self":[{"href":"https:\/\/vintageguitars.fr\/en\/wp-json\/wp\/v2\/product\/23791","targetHints":{"allow":["GET"]}}],"collection":[{"href":"https:\/\/vintageguitars.fr\/en\/wp-json\/wp\/v2\/product"}],"about":[{"href":"https:\/\/vintageguitars.fr\/en\/wp-json\/wp\/v2\/types\/product"}],"wp:featuredmedia":[{"embeddable":true,"href":"https:\/\/vintageguitars.fr\/en\/wp-json\/wp\/v2\/media\/23754"}],"wp:attachment":[{"href":"https:\/\/vintageguitars.fr\/en\/wp-json\/wp\/v2\/media?parent=23791"}],"wp:term":[{"taxonomy":"product_brand","embeddable":true,"href":"https:\/\/vintageguitars.fr\/en\/wp-json\/wp\/v2\/product_brand?post=23791"},{"taxonomy":"product_cat","embeddable":true,"href":"https:\/\/vintageguitars.fr\/en\/wp-json\/wp\/v2\/product_cat?post=23791"},{"taxonomy":"product_tag","embeddable":true,"href":"https:\/\/vintageguitars.fr\/en\/wp-json\/wp\/v2\/product_tag?post=23791"}],"curies":[{"name":"wp","href":"https:\/\/api.w.org\/{rel}","templated":true}]}}