{"id":23592,"date":"2023-10-23T14:41:58","date_gmt":"2023-10-23T12:41:58","guid":{"rendered":"https:\/\/vintageguitars.fr\/en\/?post_type=product&#038;p=23592"},"modified":"2024-07-05T13:59:02","modified_gmt":"2024-07-05T11:59:02","slug":"aria-pro-2-ts-600","status":"publish","type":"product","link":"https:\/\/vintageguitars.fr\/en\/produit\/aria-pro-2-ts-600\/","title":{"rendered":"Aria Pro 2 TS-600"},"content":{"rendered":"<p>Un des touts premiers mod\u00e8les de TS600, mod\u00e8le japonais haut de gamme avec de nombreuses possibilit\u00e9s sonores et un boost assez incroyable. Vous n&#8217;\u00eates pas habitu\u00e9 \u00e0 voir cette marque ici et bien je vous invite \u00e0 ne pas la snober car c&#8217;est un excellent instrument. La lutherie est de grande qualit\u00e9, les essences aussi.<\/p>\n<p>En \u00e9tui rigide original.<\/p>\n","protected":false},"excerpt":{"rendered":"<p>Un des touts premiers mod\u00e8les de TS600, mod\u00e8le japonais haut de gamme avec de nombreuses possibilit\u00e9s sonores et un boost assez incroyable. Vous n&#8217;\u00eates pas habitu\u00e9 \u00e0 voir cette marque ici et bien je vous invite \u00e0 ne pas la snober car c&#8217;est un excellent instrument. La lutherie est de grande qualit\u00e9, les essences aussi. [&hellip;]<\/p>\n","protected":false},"featured_media":23581,"template":"","meta":{"_acf_changed":false},"product_brand":[],"product_cat":[18,8,30],"product_tag":[],"class_list":{"0":"post-23592","1":"product","2":"type-product","3":"status-publish","4":"has-post-thumbnail","6":"product_cat-electric","7":"product_cat-guitars","8":"product_cat-sold","10":"first","11":"instock","12":"shipping-taxable","13":"purchasable","14":"product-type-simple"},"acf":[],"_links":{"self":[{"href":"https:\/\/vintageguitars.fr\/en\/wp-json\/wp\/v2\/product\/23592","targetHints":{"allow":["GET"]}}],"collection":[{"href":"https:\/\/vintageguitars.fr\/en\/wp-json\/wp\/v2\/product"}],"about":[{"href":"https:\/\/vintageguitars.fr\/en\/wp-json\/wp\/v2\/types\/product"}],"wp:featuredmedia":[{"embeddable":true,"href":"https:\/\/vintageguitars.fr\/en\/wp-json\/wp\/v2\/media\/23581"}],"wp:attachment":[{"href":"https:\/\/vintageguitars.fr\/en\/wp-json\/wp\/v2\/media?parent=23592"}],"wp:term":[{"taxonomy":"product_brand","embeddable":true,"href":"https:\/\/vintageguitars.fr\/en\/wp-json\/wp\/v2\/product_brand?post=23592"},{"taxonomy":"product_cat","embeddable":true,"href":"https:\/\/vintageguitars.fr\/en\/wp-json\/wp\/v2\/product_cat?post=23592"},{"taxonomy":"product_tag","embeddable":true,"href":"https:\/\/vintageguitars.fr\/en\/wp-json\/wp\/v2\/product_tag?post=23592"}],"curies":[{"name":"wp","href":"https:\/\/api.w.org\/{rel}","templated":true}]}}