{"id":21293,"date":"2023-03-09T17:47:01","date_gmt":"2023-03-09T16:47:01","guid":{"rendered":"https:\/\/vintageguitars.fr\/en\/product\/guild-d-55nt\/"},"modified":"2023-03-09T17:47:01","modified_gmt":"2023-03-09T16:47:01","slug":"guild-d-55nt","status":"publish","type":"product","link":"https:\/\/vintageguitars.fr\/en\/produit\/guild-d-55nt\/","title":{"rendered":"Guild D-55NT"},"content":{"rendered":"<p><strong>VENDUE<\/strong><\/p>\n<p>La D-55 est une Dreadnaught initialement con\u00e7ue sur commande sp\u00e9ciale en 1968 et qui fut si bien accueillie que Guild d\u00e9cida de l&#8217;inclure dans son catalogue en 1974 et d&#8217;en faire son mod\u00e8le acoustique phare. Le mod\u00e8le ici pr\u00e9sent\u00e9 est de finition naturelle et laisse apparaitre le joli veinage, bien parall\u00e8le et serr\u00e9 de la table en \u00e9pic\u00e9a. Le fond et les \u00e9clisses sont bien s\u00fbr en palissandre indien. La touche est en \u00e9b\u00e8ne avec des incrustations de nacre. L&#8217;instrument est tr\u00e8s jouable, le manche bien droit et l&#8217;action basse. Une fente a \u00e9t\u00e9 r\u00e9par\u00e9e sur l&#8217;\u00e9clisse c&#8217;est tout. C\u00f4t\u00e9 son, vous en prendrez plein les oreilles, c&#8217;est une guitare qui a du coffre et qui du reste est bien \u00e9quilibr\u00e9e et articul\u00e9e. Elle est \u00e9quip\u00e9 d&#8217;un micro K&amp;K avec sortie jack \u00e0 la place de l&#8217;attache courroie. Founie avec un \u00e9tui r\u00e9cent.<\/p>\n","protected":false},"excerpt":{"rendered":"<p>VENDUE La D-55 est une Dreadnaught initialement con\u00e7ue sur commande sp\u00e9ciale en 1968 et qui fut si bien accueillie que Guild d\u00e9cida de l&#8217;inclure dans son catalogue en 1974 et d&#8217;en faire son mod\u00e8le acoustique phare. Le mod\u00e8le ici pr\u00e9sent\u00e9 est de finition naturelle et laisse apparaitre le joli veinage, bien parall\u00e8le et serr\u00e9 de [&hellip;]<\/p>\n","protected":false},"featured_media":20804,"template":"","meta":{"_acf_changed":false},"product_brand":[],"product_cat":[15,8,30],"product_tag":[],"class_list":{"0":"post-21293","1":"product","2":"type-product","3":"status-publish","4":"has-post-thumbnail","6":"product_cat-accoustic","7":"product_cat-guitars","8":"product_cat-sold","10":"first","11":"instock","12":"shipping-taxable","13":"product-type-simple"},"acf":[],"_links":{"self":[{"href":"https:\/\/vintageguitars.fr\/en\/wp-json\/wp\/v2\/product\/21293","targetHints":{"allow":["GET"]}}],"collection":[{"href":"https:\/\/vintageguitars.fr\/en\/wp-json\/wp\/v2\/product"}],"about":[{"href":"https:\/\/vintageguitars.fr\/en\/wp-json\/wp\/v2\/types\/product"}],"wp:featuredmedia":[{"embeddable":true,"href":"https:\/\/vintageguitars.fr\/en\/wp-json\/wp\/v2\/media\/20804"}],"wp:attachment":[{"href":"https:\/\/vintageguitars.fr\/en\/wp-json\/wp\/v2\/media?parent=21293"}],"wp:term":[{"taxonomy":"product_brand","embeddable":true,"href":"https:\/\/vintageguitars.fr\/en\/wp-json\/wp\/v2\/product_brand?post=21293"},{"taxonomy":"product_cat","embeddable":true,"href":"https:\/\/vintageguitars.fr\/en\/wp-json\/wp\/v2\/product_cat?post=21293"},{"taxonomy":"product_tag","embeddable":true,"href":"https:\/\/vintageguitars.fr\/en\/wp-json\/wp\/v2\/product_tag?post=21293"}],"curies":[{"name":"wp","href":"https:\/\/api.w.org\/{rel}","templated":true}]}}