{"id":21202,"date":"2023-04-11T08:57:43","date_gmt":"2023-04-11T06:57:43","guid":{"rendered":"https:\/\/vintageguitars.fr\/en\/product\/gibson-heritage\/"},"modified":"2023-07-15T16:06:29","modified_gmt":"2023-07-15T14:06:29","slug":"gibson-heritage","status":"publish","type":"product","link":"https:\/\/vintageguitars.fr\/en\/produit\/gibson-heritage\/","title":{"rendered":"Gibson Heritage"},"content":{"rendered":"<p><strong>R\u00e9serv\u00e9e<\/strong><\/p>\n<p>Cette Dreadnaught introduite au catalogue en 1965 est un mod\u00e8le disponible sur commande r\u00e9alis\u00e9 \u00e0 270 exemplaires en 1965. C&#8217;est un instrument rare qui poss\u00e8de des qualit\u00e9s appr\u00e9ci\u00e9es des connaisseurs. Le manche en acajou fait 1 11\/16&#8243; au sillet soit 42,8mm. Le dos et les \u00e9clisses sont en palissandre de rio massif, caract\u00e9ristique disponible pendant deux 2 ans seulement, mais en 66 le manche est moins large. L&#8217;id\u00e9e \u00e9tait de proposer une guitare qui puisse rivaliser avec les Martin D-21 et D-28. Le look est donc assez sobre avec un pickguard tortoise allong\u00e9. Keith Richards et Brian Jones utilisait une Heritage de 1965 lors de leurs sessions studio au milieu des ann\u00e9es 60, on peut ainsi l&#8217;entendre sur l&#8217;album <em>Aftermath<\/em> entre autres. Elle poss\u00e8de les atouts et qualit\u00e9s \u00e0 la fois d&#8217;une Gibson et d&#8217;une Martin. C&#8217;est le mariage parfait de ces deux mondes. Une forte projection \u00e9videmment avec le rio, des aigus tellement clairs et bien d\u00e9finis \u00e0 la Martin, un bon boost des graves et bas mediums, tout cela en gardant le c\u00f4t\u00e9 mat que l&#8217;on aime tant chez Gibson. C&#8217;est un vrai coup de coeur. Jamais je n&#8217;avais pos\u00e9 les mains sur un tel instrument. Le manche est parfaitement droit et l&#8217;action id\u00e9ale. Un sillet de chevalet non ajustable a \u00e9t\u00e9 install\u00e9, il est juste pos\u00e9 et si le coeur vous en dit lors d&#8217;un changement de cordes, vous pouvez remettre l&#8217;original qui est dans l&#8217;\u00e9tui. Un petit autocollant du magasin qui la vendit \u00e0 l&#8217;origine est pr\u00e9sent sur la t\u00eate. L&#8217;\u00e9tat de la guitare est remarquable, aucune fente ou r\u00e9paration, \u00e0 peine quelques rayures. Fournie en \u00e9tui original avec le badge de son ancienne propri\u00e9taire, Suzette Gould. Cette guitare fut ensuite \u00e9chang\u00e9e par son propri\u00e9taire actuel il y a une dizaine d&#8217;ann\u00e9e chez Fran\u00e7ois Charles contre une Gibson SJ Banner des ann\u00e9es 40, cela vous donne une id\u00e9e de la qualit\u00e9 de la guitare.<\/p>\n","protected":false},"excerpt":{"rendered":"<p>R\u00e9serv\u00e9e Cette Dreadnaught introduite au catalogue en 1965 est un mod\u00e8le disponible sur commande r\u00e9alis\u00e9 \u00e0 270 exemplaires en 1965. C&#8217;est un instrument rare qui poss\u00e8de des qualit\u00e9s appr\u00e9ci\u00e9es des connaisseurs. Le manche en acajou fait 1 11\/16&#8243; au sillet soit 42,8mm. Le dos et les \u00e9clisses sont en palissandre de rio massif, caract\u00e9ristique disponible [&hellip;]<\/p>\n","protected":false},"featured_media":21191,"template":"","meta":{"_acf_changed":false},"product_brand":[],"product_cat":[15,8,30],"product_tag":[],"class_list":{"0":"post-21202","1":"product","2":"type-product","3":"status-publish","4":"has-post-thumbnail","6":"product_cat-accoustic","7":"product_cat-guitars","8":"product_cat-sold","10":"first","11":"instock","12":"shipping-taxable","13":"product-type-simple"},"acf":[],"_links":{"self":[{"href":"https:\/\/vintageguitars.fr\/en\/wp-json\/wp\/v2\/product\/21202","targetHints":{"allow":["GET"]}}],"collection":[{"href":"https:\/\/vintageguitars.fr\/en\/wp-json\/wp\/v2\/product"}],"about":[{"href":"https:\/\/vintageguitars.fr\/en\/wp-json\/wp\/v2\/types\/product"}],"wp:featuredmedia":[{"embeddable":true,"href":"https:\/\/vintageguitars.fr\/en\/wp-json\/wp\/v2\/media\/21191"}],"wp:attachment":[{"href":"https:\/\/vintageguitars.fr\/en\/wp-json\/wp\/v2\/media?parent=21202"}],"wp:term":[{"taxonomy":"product_brand","embeddable":true,"href":"https:\/\/vintageguitars.fr\/en\/wp-json\/wp\/v2\/product_brand?post=21202"},{"taxonomy":"product_cat","embeddable":true,"href":"https:\/\/vintageguitars.fr\/en\/wp-json\/wp\/v2\/product_cat?post=21202"},{"taxonomy":"product_tag","embeddable":true,"href":"https:\/\/vintageguitars.fr\/en\/wp-json\/wp\/v2\/product_tag?post=21202"}],"curies":[{"name":"wp","href":"https:\/\/api.w.org\/{rel}","templated":true}]}}