{"id":21142,"date":"2023-04-11T08:39:56","date_gmt":"2023-04-11T06:39:56","guid":{"rendered":"https:\/\/vintageguitars.fr\/en\/product\/gibson-l-00-5\/"},"modified":"2023-08-10T11:57:49","modified_gmt":"2023-08-10T09:57:49","slug":"gibson-l-00-5","status":"publish","type":"product","link":"https:\/\/vintageguitars.fr\/en\/produit\/gibson-l-00-5\/","title":{"rendered":"Gibson L-00"},"content":{"rendered":"<p>Belle L-00 sans fente ou r\u00e9paration. Comme vous le savez s\u00fbrement si vous \u00eates un lecteur assidu de ce site, il s&#8217;agit d&#8217;un de mes mod\u00e8les pr\u00e9fer\u00e9s chez Gibson; si ce n&#8217;est mon pr\u00e9f\u00e9r\u00e9 ( j&#8217;avoue que l&#8217;Heritage \u00e9branle mes certitudes ces jours-ci&#8230;) Un neck reset a \u00e9t\u00e9 effectu\u00e9, le renversement et l&#8217;action sont donc excellent. On notera qu&#8217;il est possible que le c\u00f4t\u00e9 aigu du chevalet ait \u00e9t\u00e9 l\u00e9g\u00e8rement aplani. C&#8217;est tr\u00e8s discret et sans incidence sur le son \u00e0 mon humble avis. On retrouve bien la l\u00e9g\u00e8ret\u00e9 et la puissance qui font le charme de ses petits mod\u00e8les d&#8217;avant guerre. Un timbre assez unique et un spectre bien large qui recouvre bien plus que le blues dont lequel on la cantonne bien souvent \u00e0 tort. C&#8217;est un son \u00e9quilibr\u00e9 et bien charpent\u00e9 avec une table barr\u00e9e en X bien s\u00fbr. Fourni en \u00e9tui rigide original en bon \u00e9tat.<\/p>\n","protected":false},"excerpt":{"rendered":"<p>Belle L-00 sans fente ou r\u00e9paration. Comme vous le savez s\u00fbrement si vous \u00eates un lecteur assidu de ce site, il s&#8217;agit d&#8217;un de mes mod\u00e8les pr\u00e9fer\u00e9s chez Gibson; si ce n&#8217;est mon pr\u00e9f\u00e9r\u00e9 ( j&#8217;avoue que l&#8217;Heritage \u00e9branle mes certitudes ces jours-ci&#8230;) Un neck reset a \u00e9t\u00e9 effectu\u00e9, le renversement et l&#8217;action sont donc [&hellip;]<\/p>\n","protected":false},"featured_media":21141,"template":"","meta":{"_acf_changed":false},"product_brand":[],"product_cat":[15,8,30],"product_tag":[],"class_list":{"0":"post-21142","1":"product","2":"type-product","3":"status-publish","4":"has-post-thumbnail","6":"product_cat-accoustic","7":"product_cat-guitars","8":"product_cat-sold","10":"first","11":"instock","12":"shipping-taxable","13":"purchasable","14":"product-type-simple"},"acf":[],"_links":{"self":[{"href":"https:\/\/vintageguitars.fr\/en\/wp-json\/wp\/v2\/product\/21142","targetHints":{"allow":["GET"]}}],"collection":[{"href":"https:\/\/vintageguitars.fr\/en\/wp-json\/wp\/v2\/product"}],"about":[{"href":"https:\/\/vintageguitars.fr\/en\/wp-json\/wp\/v2\/types\/product"}],"wp:featuredmedia":[{"embeddable":true,"href":"https:\/\/vintageguitars.fr\/en\/wp-json\/wp\/v2\/media\/21141"}],"wp:attachment":[{"href":"https:\/\/vintageguitars.fr\/en\/wp-json\/wp\/v2\/media?parent=21142"}],"wp:term":[{"taxonomy":"product_brand","embeddable":true,"href":"https:\/\/vintageguitars.fr\/en\/wp-json\/wp\/v2\/product_brand?post=21142"},{"taxonomy":"product_cat","embeddable":true,"href":"https:\/\/vintageguitars.fr\/en\/wp-json\/wp\/v2\/product_cat?post=21142"},{"taxonomy":"product_tag","embeddable":true,"href":"https:\/\/vintageguitars.fr\/en\/wp-json\/wp\/v2\/product_tag?post=21142"}],"curies":[{"name":"wp","href":"https:\/\/api.w.org\/{rel}","templated":true}]}}