{"id":21065,"date":"2023-04-11T08:16:32","date_gmt":"2023-04-11T06:16:32","guid":{"rendered":"https:\/\/vintageguitars.fr\/en\/product\/gibson-super-400-wine-red\/"},"modified":"2023-10-23T11:04:42","modified_gmt":"2023-10-23T09:04:42","slug":"gibson-super-400-wine-red","status":"publish","type":"product","link":"https:\/\/vintageguitars.fr\/en\/produit\/gibson-super-400-wine-red\/","title":{"rendered":"Gibson Super 400 wine red"},"content":{"rendered":"<p>Superbe archtop de 23 ans d&#8217;\u00e2ge.<\/p>\n<p>Jeune il est vrai, mais aux \u00e2mes bien n\u00e9es, la valeur n&#8217;attend point le nombre des ann\u00e9es.<\/p>\n<p>Fournie avec son \u00e9tui rigide originale.<\/p>\n","protected":false},"excerpt":{"rendered":"<p>Superbe archtop de 23 ans d&#8217;\u00e2ge. Jeune il est vrai, mais aux \u00e2mes bien n\u00e9es, la valeur n&#8217;attend point le nombre des ann\u00e9es. Fournie avec son \u00e9tui rigide originale.<\/p>\n","protected":false},"featured_media":21042,"template":"","meta":{"_acf_changed":false},"product_brand":[],"product_cat":[18,8,30],"product_tag":[],"class_list":{"0":"post-21065","1":"product","2":"type-product","3":"status-publish","4":"has-post-thumbnail","6":"product_cat-electric","7":"product_cat-guitars","8":"product_cat-sold","10":"first","11":"instock","12":"shipping-taxable","13":"purchasable","14":"product-type-simple"},"acf":[],"_links":{"self":[{"href":"https:\/\/vintageguitars.fr\/en\/wp-json\/wp\/v2\/product\/21065","targetHints":{"allow":["GET"]}}],"collection":[{"href":"https:\/\/vintageguitars.fr\/en\/wp-json\/wp\/v2\/product"}],"about":[{"href":"https:\/\/vintageguitars.fr\/en\/wp-json\/wp\/v2\/types\/product"}],"wp:featuredmedia":[{"embeddable":true,"href":"https:\/\/vintageguitars.fr\/en\/wp-json\/wp\/v2\/media\/21042"}],"wp:attachment":[{"href":"https:\/\/vintageguitars.fr\/en\/wp-json\/wp\/v2\/media?parent=21065"}],"wp:term":[{"taxonomy":"product_brand","embeddable":true,"href":"https:\/\/vintageguitars.fr\/en\/wp-json\/wp\/v2\/product_brand?post=21065"},{"taxonomy":"product_cat","embeddable":true,"href":"https:\/\/vintageguitars.fr\/en\/wp-json\/wp\/v2\/product_cat?post=21065"},{"taxonomy":"product_tag","embeddable":true,"href":"https:\/\/vintageguitars.fr\/en\/wp-json\/wp\/v2\/product_tag?post=21065"}],"curies":[{"name":"wp","href":"https:\/\/api.w.org\/{rel}","templated":true}]}}