{"id":20587,"date":"2023-01-31T17:01:16","date_gmt":"2023-01-31T16:01:16","guid":{"rendered":"https:\/\/vintageguitars.fr\/en\/product\/kay-6118\/"},"modified":"2023-04-05T10:38:09","modified_gmt":"2023-04-05T08:38:09","slug":"kay-6118","status":"publish","type":"product","link":"https:\/\/vintageguitars.fr\/en\/produit\/kay-6118\/","title":{"rendered":"Kay 6118"},"content":{"rendered":"<p>Coup de coeur pour ce mod\u00e8le \u00e0 pan coup\u00e9 de la fin des ann\u00e9es 50.<\/p>\n<p>Bien construite, comme sa consoeur jumbo pr\u00e9sente sur le site en ce moment elle sonne vraiment bien.<\/p>\n<p>Tr\u00e8s jouable avec un manche bien droit.<\/p>\n<p>Un son bien rond et chaud, charpent\u00e9, qui \u00e9voque en fait certaines Gibson barr\u00e9es en croix, aussi incroyable que cela puisse paraitre.<\/p>\n<p>J&#8217;ai eu beaucoup de Gibson, peu de Kay finalement et celle-ci m&#8217;a compl\u00e8tement fait chang\u00e9 d&#8217;avis sur la marque, c&#8217;est un instrument g\u00e9nial avec beaucoup de personnalit\u00e9.<\/p>\n<p>En \u00e9tui rigide original.<\/p>\n","protected":false},"excerpt":{"rendered":"<p>Coup de coeur pour ce mod\u00e8le \u00e0 pan coup\u00e9 de la fin des ann\u00e9es 50. Bien construite, comme sa consoeur jumbo pr\u00e9sente sur le site en ce moment elle sonne vraiment bien. Tr\u00e8s jouable avec un manche bien droit. Un son bien rond et chaud, charpent\u00e9, qui \u00e9voque en fait certaines Gibson barr\u00e9es en croix, [&hellip;]<\/p>\n","protected":false},"featured_media":20578,"template":"","meta":{"_acf_changed":false},"product_brand":[],"product_cat":[15,8,30],"product_tag":[],"class_list":{"0":"post-20587","1":"product","2":"type-product","3":"status-publish","4":"has-post-thumbnail","6":"product_cat-accoustic","7":"product_cat-guitars","8":"product_cat-sold","10":"first","11":"instock","12":"shipping-taxable","13":"purchasable","14":"product-type-simple"},"acf":[],"_links":{"self":[{"href":"https:\/\/vintageguitars.fr\/en\/wp-json\/wp\/v2\/product\/20587","targetHints":{"allow":["GET"]}}],"collection":[{"href":"https:\/\/vintageguitars.fr\/en\/wp-json\/wp\/v2\/product"}],"about":[{"href":"https:\/\/vintageguitars.fr\/en\/wp-json\/wp\/v2\/types\/product"}],"wp:featuredmedia":[{"embeddable":true,"href":"https:\/\/vintageguitars.fr\/en\/wp-json\/wp\/v2\/media\/20578"}],"wp:attachment":[{"href":"https:\/\/vintageguitars.fr\/en\/wp-json\/wp\/v2\/media?parent=20587"}],"wp:term":[{"taxonomy":"product_brand","embeddable":true,"href":"https:\/\/vintageguitars.fr\/en\/wp-json\/wp\/v2\/product_brand?post=20587"},{"taxonomy":"product_cat","embeddable":true,"href":"https:\/\/vintageguitars.fr\/en\/wp-json\/wp\/v2\/product_cat?post=20587"},{"taxonomy":"product_tag","embeddable":true,"href":"https:\/\/vintageguitars.fr\/en\/wp-json\/wp\/v2\/product_tag?post=20587"}],"curies":[{"name":"wp","href":"https:\/\/api.w.org\/{rel}","templated":true}]}}