{"id":20217,"date":"2023-01-07T11:52:37","date_gmt":"2023-01-07T10:52:37","guid":{"rendered":"https:\/\/vintageguitars.fr\/en\/product\/fender-stratocaster-12\/"},"modified":"2023-01-13T19:28:37","modified_gmt":"2023-01-13T18:28:37","slug":"fender-stratocaster-12","status":"publish","type":"product","link":"https:\/\/vintageguitars.fr\/en\/produit\/fender-stratocaster-12\/","title":{"rendered":"Fender Stratocaster"},"content":{"rendered":"<p><strong>On hold<\/strong><\/p>\n<p>Cette Stratocaster a \u00e9t\u00e9 achet\u00e9e \u00e0 Paris chez Beuscher en 1966, juste avant que son propri\u00e9taire ne fasse un concert au Golf Drouot la m\u00eame ann\u00e9e. Nous avons m\u00eame un photo de ce concert o\u00f9 apparait la guitare et l&#8217;on peut y distinguer un d\u00e9tail sur la touche, une zone sombre qui va de la 8\u00e8me \u00e0 la 10\u00e8me frette. J&#8217;ai moi-m\u00eame rachet\u00e9e cet instrument au propri\u00e9taire original il y a environ 4 ans. C&#8217;est une guitare ph\u00e9nom\u00e9nale. Elle joue \u00e0 merveille. Les plus perspicaces d&#8217;entre vous auront constat\u00e9 qu&#8217;elle a \u00e9t\u00e9 int\u00e9gralement revernie. Ceci fut r\u00e9alis\u00e9 par l&#8217;atelier Jacobacci en 1987. Lors du refrettage il ajouta \u00e9galement un sillet en graphite que nous avons depuis retir\u00e9. Le s\u00e9lecteur 3 positions est dans l&#8217;\u00e9tui, la guitare est mont\u00e9e avec un 5 positions. Les micros sont originaux et leurs soudures intactes. Les potards portent un code de 1963. On peut toujours apercevoir 2 nails holes, l&#8217;un pr\u00e8s de la cavit\u00e9 du manche, l&#8217;autre pr\u00e8s du chevalet. Cela attestant aussi l&#8217;originalit\u00e9 du corps. Il porte d&#8217;ailleurs la date 4\/63 dans la cavit\u00e9 du vibrato. Toutes les parties accessoires sont originales: pickguard, bras de vibrato court, boutons, m\u00e9caniques, attache courroie. Les 2 vis de la plaque du jack sont chang\u00e9es ainsi qu&#8217;une sur le chevalet. La guitare est fournie avec la sangle d&#8217;origine, les documents, et l&#8217;\u00e9tui rigide original. Un certificat d&#8217;authenticit\u00e9 \u00e9tabli par Arnaud Legrand, luthier expert et auteur sp\u00e9cialis\u00e9 dans le domaine est \u00e9galement pr\u00e9sent.<\/p>\n","protected":false},"excerpt":{"rendered":"<p>On hold Cette Stratocaster a \u00e9t\u00e9 achet\u00e9e \u00e0 Paris chez Beuscher en 1966, juste avant que son propri\u00e9taire ne fasse un concert au Golf Drouot la m\u00eame ann\u00e9e. Nous avons m\u00eame un photo de ce concert o\u00f9 apparait la guitare et l&#8217;on peut y distinguer un d\u00e9tail sur la touche, une zone sombre qui va [&hellip;]<\/p>\n","protected":false},"featured_media":20127,"template":"","meta":{"_acf_changed":false},"product_brand":[],"product_cat":[18,8,30],"product_tag":[],"class_list":{"0":"post-20217","1":"product","2":"type-product","3":"status-publish","4":"has-post-thumbnail","6":"product_cat-electric","7":"product_cat-guitars","8":"product_cat-sold","10":"first","11":"instock","12":"shipping-taxable","13":"product-type-simple"},"acf":[],"_links":{"self":[{"href":"https:\/\/vintageguitars.fr\/en\/wp-json\/wp\/v2\/product\/20217","targetHints":{"allow":["GET"]}}],"collection":[{"href":"https:\/\/vintageguitars.fr\/en\/wp-json\/wp\/v2\/product"}],"about":[{"href":"https:\/\/vintageguitars.fr\/en\/wp-json\/wp\/v2\/types\/product"}],"wp:featuredmedia":[{"embeddable":true,"href":"https:\/\/vintageguitars.fr\/en\/wp-json\/wp\/v2\/media\/20127"}],"wp:attachment":[{"href":"https:\/\/vintageguitars.fr\/en\/wp-json\/wp\/v2\/media?parent=20217"}],"wp:term":[{"taxonomy":"product_brand","embeddable":true,"href":"https:\/\/vintageguitars.fr\/en\/wp-json\/wp\/v2\/product_brand?post=20217"},{"taxonomy":"product_cat","embeddable":true,"href":"https:\/\/vintageguitars.fr\/en\/wp-json\/wp\/v2\/product_cat?post=20217"},{"taxonomy":"product_tag","embeddable":true,"href":"https:\/\/vintageguitars.fr\/en\/wp-json\/wp\/v2\/product_tag?post=20217"}],"curies":[{"name":"wp","href":"https:\/\/api.w.org\/{rel}","templated":true}]}}