{"id":20120,"date":"2025-09-20T16:42:07","date_gmt":"2025-09-20T14:42:07","guid":{"rendered":"https:\/\/vintageguitars.fr\/en\/product\/gibson-cromwell-g-4\/"},"modified":"2025-09-26T18:30:03","modified_gmt":"2025-09-26T16:30:03","slug":"gibson-cromwell-g-4","status":"publish","type":"product","link":"https:\/\/vintageguitars.fr\/en\/produit\/gibson-cromwell-g-4\/","title":{"rendered":"Gibson Cromwell G-4"},"content":{"rendered":"<p>Fabriqu\u00e9e par Gibson en 1937 cette Cromwell G-4 est identique \u00e0 une L-50. Les diff\u00e9rences entre les 2 mod\u00e8les sont essentiellement esth\u00e9tiques, avec la bande au centre de la touche par exemple. L&#8217;\u00e9tat g\u00e9n\u00e9ral est excellent sans fente ou r\u00e9paration, pour un instrument de 1937 c&#8217;est assez remarquable. L&#8217;angle de renversement est parfait, l&#8217;action basse et la guitare tr\u00e8s juste. C&#8217;est un instrument fantastique, tellement l\u00e9ger et vibrant. Une version assez rare dans nos contr\u00e9es et vraiment pr\u00e9cise aussi. En \u00e9tui rigide.<\/p>\n","protected":false},"excerpt":{"rendered":"<p>Fabriqu\u00e9e par Gibson en 1937 cette Cromwell G-4 est identique \u00e0 une L-50. Les diff\u00e9rences entre les 2 mod\u00e8les sont essentiellement esth\u00e9tiques, avec la bande au centre de la touche par exemple. L&#8217;\u00e9tat g\u00e9n\u00e9ral est excellent sans fente ou r\u00e9paration, pour un instrument de 1937 c&#8217;est assez remarquable. L&#8217;angle de renversement est parfait, l&#8217;action basse [&hellip;]<\/p>\n","protected":false},"featured_media":20099,"template":"","meta":{"_acf_changed":false},"product_brand":[],"product_cat":[15],"product_tag":[],"class_list":{"0":"post-20120","1":"product","2":"type-product","3":"status-publish","4":"has-post-thumbnail","6":"product_cat-accoustic","8":"first","9":"instock","10":"shipping-taxable","11":"purchasable","12":"product-type-simple"},"acf":[],"_links":{"self":[{"href":"https:\/\/vintageguitars.fr\/en\/wp-json\/wp\/v2\/product\/20120","targetHints":{"allow":["GET"]}}],"collection":[{"href":"https:\/\/vintageguitars.fr\/en\/wp-json\/wp\/v2\/product"}],"about":[{"href":"https:\/\/vintageguitars.fr\/en\/wp-json\/wp\/v2\/types\/product"}],"wp:featuredmedia":[{"embeddable":true,"href":"https:\/\/vintageguitars.fr\/en\/wp-json\/wp\/v2\/media\/20099"}],"wp:attachment":[{"href":"https:\/\/vintageguitars.fr\/en\/wp-json\/wp\/v2\/media?parent=20120"}],"wp:term":[{"taxonomy":"product_brand","embeddable":true,"href":"https:\/\/vintageguitars.fr\/en\/wp-json\/wp\/v2\/product_brand?post=20120"},{"taxonomy":"product_cat","embeddable":true,"href":"https:\/\/vintageguitars.fr\/en\/wp-json\/wp\/v2\/product_cat?post=20120"},{"taxonomy":"product_tag","embeddable":true,"href":"https:\/\/vintageguitars.fr\/en\/wp-json\/wp\/v2\/product_tag?post=20120"}],"curies":[{"name":"wp","href":"https:\/\/api.w.org\/{rel}","templated":true}]}}