{"id":20119,"date":"2023-09-27T11:37:50","date_gmt":"2023-09-27T09:37:50","guid":{"rendered":"https:\/\/vintageguitars.fr\/en\/product\/epiphone-casino-2\/"},"modified":"2024-09-30T08:13:32","modified_gmt":"2024-09-30T06:13:32","slug":"epiphone-casino-2","status":"publish","type":"product","link":"https:\/\/vintageguitars.fr\/en\/produit\/epiphone-casino-2\/","title":{"rendered":"Epiphone Casino"},"content":{"rendered":"<p>Superbe mod\u00e8le datant de 1968. Le manche fait 40mm au sillet. La guitare est compl\u00e8te, m\u00eame le bras de vibrato est l\u00e0, et enti\u00e8rement originale. Les 2 micros originaux sonnent tr\u00e8s bien. Le manche long, avec jonction \u00e0 la 19\u00e8me case est un r\u00e9gal. Il mesure 40mm au sillet. pas de cassure mais pour \u00eatre parfaitement exhaustif on notera que le binding a \u00e9t\u00e9 recoll\u00e9 c\u00f4t\u00e9 grave sur les premiers centim\u00e8tre du manche ( on voit une petite coupure ) Aucune casse ou r\u00e9paration.\u00a0 En \u00e9tui rigide.<\/p>\n","protected":false},"excerpt":{"rendered":"<p>Superbe mod\u00e8le datant de 1968. Le manche fait 40mm au sillet. La guitare est compl\u00e8te, m\u00eame le bras de vibrato est l\u00e0, et enti\u00e8rement originale. Les 2 micros originaux sonnent tr\u00e8s bien. Le manche long, avec jonction \u00e0 la 19\u00e8me case est un r\u00e9gal. Il mesure 40mm au sillet. pas de cassure mais pour \u00eatre [&hellip;]<\/p>\n","protected":false},"featured_media":20049,"template":"","meta":{"_acf_changed":false},"product_brand":[],"product_cat":[18,8,30],"product_tag":[],"class_list":{"0":"post-20119","1":"product","2":"type-product","3":"status-publish","4":"has-post-thumbnail","6":"product_cat-electric","7":"product_cat-guitars","8":"product_cat-sold","10":"first","11":"instock","12":"shipping-taxable","13":"purchasable","14":"product-type-simple"},"acf":[],"_links":{"self":[{"href":"https:\/\/vintageguitars.fr\/en\/wp-json\/wp\/v2\/product\/20119","targetHints":{"allow":["GET"]}}],"collection":[{"href":"https:\/\/vintageguitars.fr\/en\/wp-json\/wp\/v2\/product"}],"about":[{"href":"https:\/\/vintageguitars.fr\/en\/wp-json\/wp\/v2\/types\/product"}],"wp:featuredmedia":[{"embeddable":true,"href":"https:\/\/vintageguitars.fr\/en\/wp-json\/wp\/v2\/media\/20049"}],"wp:attachment":[{"href":"https:\/\/vintageguitars.fr\/en\/wp-json\/wp\/v2\/media?parent=20119"}],"wp:term":[{"taxonomy":"product_brand","embeddable":true,"href":"https:\/\/vintageguitars.fr\/en\/wp-json\/wp\/v2\/product_brand?post=20119"},{"taxonomy":"product_cat","embeddable":true,"href":"https:\/\/vintageguitars.fr\/en\/wp-json\/wp\/v2\/product_cat?post=20119"},{"taxonomy":"product_tag","embeddable":true,"href":"https:\/\/vintageguitars.fr\/en\/wp-json\/wp\/v2\/product_tag?post=20119"}],"curies":[{"name":"wp","href":"https:\/\/api.w.org\/{rel}","templated":true}]}}