{"id":20009,"date":"2022-12-03T11:23:03","date_gmt":"2022-12-03T10:23:03","guid":{"rendered":"https:\/\/vintageguitars.fr\/en\/product\/vega-serie-c\/"},"modified":"2023-01-31T08:13:09","modified_gmt":"2023-01-31T07:13:09","slug":"vega-serie-c","status":"publish","type":"product","link":"https:\/\/vintageguitars.fr\/en\/produit\/vega-serie-c\/","title":{"rendered":"Vega Serie C"},"content":{"rendered":"<p>Belle archtop datant de la second guerre mondiale. Avec son petit gabarit cette serie C est peu encombrante et tr\u00e8s agr\u00e9able \u00e0 jouer.<\/p>\n<p>Elle a \u00e9t\u00e9 revernie dans son ensemble. Une fente a \u00e9t\u00e9 stabilis\u00e9e sur l&#8217;\u00e9clisse.<\/p>\n<p>L&#8217;action et l&#8217;intonation sont excellentes.<\/p>\n<p>Un mod\u00e8le somme toute assez rare et qui m\u00e9rite que l&#8217;on s&#8217;y attarde.<\/p>\n<p>Fournie en \u00e9tui rigide.<\/p>\n","protected":false},"excerpt":{"rendered":"<p>Belle archtop datant de la second guerre mondiale. Avec son petit gabarit cette serie C est peu encombrante et tr\u00e8s agr\u00e9able \u00e0 jouer. Elle a \u00e9t\u00e9 revernie dans son ensemble. Une fente a \u00e9t\u00e9 stabilis\u00e9e sur l&#8217;\u00e9clisse. L&#8217;action et l&#8217;intonation sont excellentes. Un mod\u00e8le somme toute assez rare et qui m\u00e9rite que l&#8217;on s&#8217;y attarde. [&hellip;]<\/p>\n","protected":false},"featured_media":19990,"template":"","meta":{"_acf_changed":false},"product_brand":[],"product_cat":[15,8,30],"product_tag":[],"class_list":{"0":"post-20009","1":"product","2":"type-product","3":"status-publish","4":"has-post-thumbnail","6":"product_cat-accoustic","7":"product_cat-guitars","8":"product_cat-sold","10":"first","11":"instock","12":"shipping-taxable","13":"purchasable","14":"product-type-simple"},"acf":[],"_links":{"self":[{"href":"https:\/\/vintageguitars.fr\/en\/wp-json\/wp\/v2\/product\/20009","targetHints":{"allow":["GET"]}}],"collection":[{"href":"https:\/\/vintageguitars.fr\/en\/wp-json\/wp\/v2\/product"}],"about":[{"href":"https:\/\/vintageguitars.fr\/en\/wp-json\/wp\/v2\/types\/product"}],"wp:featuredmedia":[{"embeddable":true,"href":"https:\/\/vintageguitars.fr\/en\/wp-json\/wp\/v2\/media\/19990"}],"wp:attachment":[{"href":"https:\/\/vintageguitars.fr\/en\/wp-json\/wp\/v2\/media?parent=20009"}],"wp:term":[{"taxonomy":"product_brand","embeddable":true,"href":"https:\/\/vintageguitars.fr\/en\/wp-json\/wp\/v2\/product_brand?post=20009"},{"taxonomy":"product_cat","embeddable":true,"href":"https:\/\/vintageguitars.fr\/en\/wp-json\/wp\/v2\/product_cat?post=20009"},{"taxonomy":"product_tag","embeddable":true,"href":"https:\/\/vintageguitars.fr\/en\/wp-json\/wp\/v2\/product_tag?post=20009"}],"curies":[{"name":"wp","href":"https:\/\/api.w.org\/{rel}","templated":true}]}}