{"id":19986,"date":"2022-11-21T16:41:35","date_gmt":"2022-11-21T15:41:35","guid":{"rendered":"https:\/\/vintageguitars.fr\/en\/product\/martin-d-18-3\/"},"modified":"2023-03-19T09:17:52","modified_gmt":"2023-03-19T08:17:52","slug":"martin-d-18-3","status":"publish","type":"product","link":"https:\/\/vintageguitars.fr\/en\/produit\/martin-d-18-3\/","title":{"rendered":"Martin D-18"},"content":{"rendered":"<p>Le mod\u00e8le ind\u00e9modable de Martin.<\/p>\n<p>Quelques accrocs ici ou l\u00e0 forc\u00e9ment mais cette\u00a0 D-18 est globalement en excellent \u00e9tat, sans r\u00e9paration ou fentes.<\/p>\n<p>Le pickguard et les chevilles ont \u00e9t\u00e9 chang\u00e9s. Les pickguards sur ces mod\u00e8les ont en effet une certaine tendance \u00e0 gondoler. Les chevilles d&#8217;origine en plastique sont incluses mais la guitare sonne tellement mieux avec les nouvelles.<\/p>\n<p>Elle est fournie avec son \u00e9tui rigide original.<\/p>\n<p>&nbsp;<\/p>\n<p>&nbsp;<\/p>\n","protected":false},"excerpt":{"rendered":"<p>Le mod\u00e8le ind\u00e9modable de Martin. Quelques accrocs ici ou l\u00e0 forc\u00e9ment mais cette\u00a0 D-18 est globalement en excellent \u00e9tat, sans r\u00e9paration ou fentes. Le pickguard et les chevilles ont \u00e9t\u00e9 chang\u00e9s. Les pickguards sur ces mod\u00e8les ont en effet une certaine tendance \u00e0 gondoler. Les chevilles d&#8217;origine en plastique sont incluses mais la guitare sonne [&hellip;]<\/p>\n","protected":false},"featured_media":19977,"template":"","meta":{"_acf_changed":false},"product_brand":[],"product_cat":[15,8,30],"product_tag":[],"class_list":{"0":"post-19986","1":"product","2":"type-product","3":"status-publish","4":"has-post-thumbnail","6":"product_cat-accoustic","7":"product_cat-guitars","8":"product_cat-sold","10":"first","11":"instock","12":"shipping-taxable","13":"purchasable","14":"product-type-simple"},"acf":[],"_links":{"self":[{"href":"https:\/\/vintageguitars.fr\/en\/wp-json\/wp\/v2\/product\/19986","targetHints":{"allow":["GET"]}}],"collection":[{"href":"https:\/\/vintageguitars.fr\/en\/wp-json\/wp\/v2\/product"}],"about":[{"href":"https:\/\/vintageguitars.fr\/en\/wp-json\/wp\/v2\/types\/product"}],"wp:featuredmedia":[{"embeddable":true,"href":"https:\/\/vintageguitars.fr\/en\/wp-json\/wp\/v2\/media\/19977"}],"wp:attachment":[{"href":"https:\/\/vintageguitars.fr\/en\/wp-json\/wp\/v2\/media?parent=19986"}],"wp:term":[{"taxonomy":"product_brand","embeddable":true,"href":"https:\/\/vintageguitars.fr\/en\/wp-json\/wp\/v2\/product_brand?post=19986"},{"taxonomy":"product_cat","embeddable":true,"href":"https:\/\/vintageguitars.fr\/en\/wp-json\/wp\/v2\/product_cat?post=19986"},{"taxonomy":"product_tag","embeddable":true,"href":"https:\/\/vintageguitars.fr\/en\/wp-json\/wp\/v2\/product_tag?post=19986"}],"curies":[{"name":"wp","href":"https:\/\/api.w.org\/{rel}","templated":true}]}}