{"id":19960,"date":"2023-06-13T16:32:28","date_gmt":"2022-11-21T15:32:28","guid":{"rendered":"https:\/\/vintageguitars.fr\/en\/product\/lyon-healy-11-string\/"},"modified":"2023-05-23T16:47:01","modified_gmt":"2023-05-23T14:47:01","slug":"lyon-healy-11-string","status":"publish","type":"product","link":"https:\/\/vintageguitars.fr\/en\/produit\/lyon-healy-11-string\/","title":{"rendered":"Lyon &#038; Healy 11 string"},"content":{"rendered":"<p>Mod\u00e8le incroyablement rare et tellement cool. Cet instrument figurait au catalogue de B&amp;J, Buegeleisen and Jacobson, revendeurs new-yorkais, dans la deuxi\u00e8me moiti\u00e9 des ann\u00e9es 10. Il s&#8217;agit du mod\u00e8le 1106 pr\u00e9sent sur les catalogues de 1912 et 1916<\/p>\n<p>C&#8217;est un mod\u00e8le original avec un fond en &#8220;faux&#8221;palissandre peint \u00e0 la main. La guitare est tr\u00e8s jouable et sonne du tonnerre. Elle est mont\u00e9e avec un jeu de Thomastik AC210 tout neuf, j&#8217;en ai essay\u00e9 quelques-uns, celui-ci est parfait. C&#8217;est une machine \u00e0 blues absolument redoutable, tout \u00e0 fait dans l&#8217;esprit des Oscar Schmidt et Stella de la m\u00eame \u00e9poque.<\/p>\n<p>L&#8217;instrument semble avoir eu un overspray dans son ensemble, l&#8217;angle du manche est tr\u00e8s bon et l&#8217;action bien confortable.<\/p>\n<p>Un vraie raret\u00e9, je ne pense pas que vous en reverrez une de si t\u00f4t.<\/p>\n<p>En \u00e9tui rigide moderne \u00e0 la taille.<\/p>\n","protected":false},"excerpt":{"rendered":"<p>Mod\u00e8le incroyablement rare et tellement cool. Cet instrument figurait au catalogue de B&amp;J, Buegeleisen and Jacobson, revendeurs new-yorkais, dans la deuxi\u00e8me moiti\u00e9 des ann\u00e9es 10. Il s&#8217;agit du mod\u00e8le 1106 pr\u00e9sent sur les catalogues de 1912 et 1916 C&#8217;est un mod\u00e8le original avec un fond en &#8220;faux&#8221;palissandre peint \u00e0 la main. La guitare est tr\u00e8s [&hellip;]<\/p>\n","protected":false},"featured_media":19924,"template":"","meta":{"_acf_changed":false},"product_brand":[],"product_cat":[15,8,30],"product_tag":[],"class_list":{"0":"post-19960","1":"product","2":"type-product","3":"status-publish","4":"has-post-thumbnail","6":"product_cat-accoustic","7":"product_cat-guitars","8":"product_cat-sold","10":"first","11":"instock","12":"shipping-taxable","13":"purchasable","14":"product-type-simple"},"acf":[],"_links":{"self":[{"href":"https:\/\/vintageguitars.fr\/en\/wp-json\/wp\/v2\/product\/19960","targetHints":{"allow":["GET"]}}],"collection":[{"href":"https:\/\/vintageguitars.fr\/en\/wp-json\/wp\/v2\/product"}],"about":[{"href":"https:\/\/vintageguitars.fr\/en\/wp-json\/wp\/v2\/types\/product"}],"wp:featuredmedia":[{"embeddable":true,"href":"https:\/\/vintageguitars.fr\/en\/wp-json\/wp\/v2\/media\/19924"}],"wp:attachment":[{"href":"https:\/\/vintageguitars.fr\/en\/wp-json\/wp\/v2\/media?parent=19960"}],"wp:term":[{"taxonomy":"product_brand","embeddable":true,"href":"https:\/\/vintageguitars.fr\/en\/wp-json\/wp\/v2\/product_brand?post=19960"},{"taxonomy":"product_cat","embeddable":true,"href":"https:\/\/vintageguitars.fr\/en\/wp-json\/wp\/v2\/product_cat?post=19960"},{"taxonomy":"product_tag","embeddable":true,"href":"https:\/\/vintageguitars.fr\/en\/wp-json\/wp\/v2\/product_tag?post=19960"}],"curies":[{"name":"wp","href":"https:\/\/api.w.org\/{rel}","templated":true}]}}