{"id":19916,"date":"2022-11-08T08:29:39","date_gmt":"2022-11-08T07:29:39","guid":{"rendered":"https:\/\/vintageguitars.fr\/en\/product\/harmony-meteor-h74\/"},"modified":"2022-12-03T11:38:43","modified_gmt":"2022-12-03T10:38:43","slug":"harmony-meteor-h74","status":"publish","type":"product","link":"https:\/\/vintageguitars.fr\/en\/produit\/harmony-meteor-h74\/","title":{"rendered":"Harmony Meteor H74"},"content":{"rendered":"<p><strong>VENDUE<\/strong><\/p>\n<p>La Meteor est connue pour avoir \u00e9t\u00e9 une des premi\u00e8res guitares de Keith Richards. On a ici une guitare qui semble-t-il a appartenu \u00e0 un fan de Lennon car comme la fameuse Epiphone Casinio du Beatles, le vernis original a \u00e9t\u00e9 enlev\u00e9, pour la laisser respirer selon la th\u00e9orie en vogue \u00e0 l&#8217;\u00e9poque, puis un vernis au tampon fut appliqu\u00e9, lui donnant son aspect naturel. Il faut avouer que la guitare est tr\u00e8s r\u00e9sonante. Les micros gold foils n&#8217;ont plus \u00e0 faire leur preuve. Le manche est bien droit et la guitare tr\u00e8s jouable. En \u00e9tui souple.<\/p>\n","protected":false},"excerpt":{"rendered":"<p>VENDUE La Meteor est connue pour avoir \u00e9t\u00e9 une des premi\u00e8res guitares de Keith Richards. On a ici une guitare qui semble-t-il a appartenu \u00e0 un fan de Lennon car comme la fameuse Epiphone Casinio du Beatles, le vernis original a \u00e9t\u00e9 enlev\u00e9, pour la laisser respirer selon la th\u00e9orie en vogue \u00e0 l&#8217;\u00e9poque, puis [&hellip;]<\/p>\n","protected":false},"featured_media":19617,"template":"","meta":{"_acf_changed":false},"product_brand":[],"product_cat":[18,8,30],"product_tag":[],"class_list":{"0":"post-19916","1":"product","2":"type-product","3":"status-publish","4":"has-post-thumbnail","6":"product_cat-electric","7":"product_cat-guitars","8":"product_cat-sold","10":"first","11":"instock","12":"shipping-taxable","13":"product-type-simple"},"acf":[],"_links":{"self":[{"href":"https:\/\/vintageguitars.fr\/en\/wp-json\/wp\/v2\/product\/19916","targetHints":{"allow":["GET"]}}],"collection":[{"href":"https:\/\/vintageguitars.fr\/en\/wp-json\/wp\/v2\/product"}],"about":[{"href":"https:\/\/vintageguitars.fr\/en\/wp-json\/wp\/v2\/types\/product"}],"wp:featuredmedia":[{"embeddable":true,"href":"https:\/\/vintageguitars.fr\/en\/wp-json\/wp\/v2\/media\/19617"}],"wp:attachment":[{"href":"https:\/\/vintageguitars.fr\/en\/wp-json\/wp\/v2\/media?parent=19916"}],"wp:term":[{"taxonomy":"product_brand","embeddable":true,"href":"https:\/\/vintageguitars.fr\/en\/wp-json\/wp\/v2\/product_brand?post=19916"},{"taxonomy":"product_cat","embeddable":true,"href":"https:\/\/vintageguitars.fr\/en\/wp-json\/wp\/v2\/product_cat?post=19916"},{"taxonomy":"product_tag","embeddable":true,"href":"https:\/\/vintageguitars.fr\/en\/wp-json\/wp\/v2\/product_tag?post=19916"}],"curies":[{"name":"wp","href":"https:\/\/api.w.org\/{rel}","templated":true}]}}