{"id":19863,"date":"2022-11-09T11:20:07","date_gmt":"2022-11-09T10:20:07","guid":{"rendered":"https:\/\/vintageguitars.fr\/en\/product\/fender-twin-amp\/"},"modified":"2024-03-23T18:31:25","modified_gmt":"2024-03-23T17:31:25","slug":"fender-twin-amp","status":"publish","type":"product","link":"https:\/\/vintageguitars.fr\/en\/produit\/fender-twin-amp\/","title":{"rendered":"Fender Twin Amp"},"content":{"rendered":"<p>En voil\u00e0 un qui m&#8217;en compl\u00e8tement retourn\u00e9 la t\u00eate. Cet ampli est incroyable. C&#8217;est un Twin de juillet 1953, sorti des ateliers Fender alors que la Stratocaster n&#8217;existait m\u00eame pas encore. Il a \u00e9t\u00e9 bien entretenu ce qui implique de remplacer des condensateurs et r\u00e9sistances hors valeur. Le transfo de sortie est un Mercury. Toujours en 110V, un c\u00e2ble d&#8217;alimentation avec prise de terre a \u00e9t\u00e9 ajout\u00e9. Le tube chart est pr\u00e9sent m\u00eame s&#8217;il est \u00e9corn\u00e9. Les 2 haut parleurs Jensen originaux et leurs c\u00f4nes aussi. Le tweed a une certaine usure disons&#8230; mais quel look! Interdit de le retolexer on est bien d&#8217;accord.<\/p>\n<p>Vous pouvez me croire si je vous dis que cet ampli est exceptionnel, je n&#8217;avais personnellement jamais rien entendu de tel. Tout y est , l&#8217;ampleur du son est dingue, c&#8217;est rond, chaud et puissant \u00e0 la fois.<\/p>\n<p>Il s&#8217;agissait d&#8217;un \u00e9lectronique assez novatrice \u00e0 l&#8217;\u00e9poque et combin\u00e9 \u00e0cette paire de Jensen, le Twin en 53 est le premier \u00e0 offrir un son &#8220;Haute Fidelit\u00e9&#8221; \u00e0 haut volume.<\/p>\n<p>On red\u00e9couvre nos guitares vraiment.<\/p>\n","protected":false},"excerpt":{"rendered":"<p>En voil\u00e0 un qui m&#8217;en compl\u00e8tement retourn\u00e9 la t\u00eate. Cet ampli est incroyable. C&#8217;est un Twin de juillet 1953, sorti des ateliers Fender alors que la Stratocaster n&#8217;existait m\u00eame pas encore. Il a \u00e9t\u00e9 bien entretenu ce qui implique de remplacer des condensateurs et r\u00e9sistances hors valeur. Le transfo de sortie est un Mercury. Toujours [&hellip;]<\/p>\n","protected":false},"featured_media":19862,"template":"","meta":{"_acf_changed":false},"product_brand":[],"product_cat":[22,30],"product_tag":[],"class_list":{"0":"post-19863","1":"product","2":"type-product","3":"status-publish","4":"has-post-thumbnail","6":"product_cat-amps","7":"product_cat-sold","9":"first","10":"instock","11":"featured","12":"shipping-taxable","13":"purchasable","14":"product-type-simple"},"acf":[],"_links":{"self":[{"href":"https:\/\/vintageguitars.fr\/en\/wp-json\/wp\/v2\/product\/19863","targetHints":{"allow":["GET"]}}],"collection":[{"href":"https:\/\/vintageguitars.fr\/en\/wp-json\/wp\/v2\/product"}],"about":[{"href":"https:\/\/vintageguitars.fr\/en\/wp-json\/wp\/v2\/types\/product"}],"wp:featuredmedia":[{"embeddable":true,"href":"https:\/\/vintageguitars.fr\/en\/wp-json\/wp\/v2\/media\/19862"}],"wp:attachment":[{"href":"https:\/\/vintageguitars.fr\/en\/wp-json\/wp\/v2\/media?parent=19863"}],"wp:term":[{"taxonomy":"product_brand","embeddable":true,"href":"https:\/\/vintageguitars.fr\/en\/wp-json\/wp\/v2\/product_brand?post=19863"},{"taxonomy":"product_cat","embeddable":true,"href":"https:\/\/vintageguitars.fr\/en\/wp-json\/wp\/v2\/product_cat?post=19863"},{"taxonomy":"product_tag","embeddable":true,"href":"https:\/\/vintageguitars.fr\/en\/wp-json\/wp\/v2\/product_tag?post=19863"}],"curies":[{"name":"wp","href":"https:\/\/api.w.org\/{rel}","templated":true}]}}