{"id":19839,"date":"2022-11-09T10:48:51","date_gmt":"2022-11-09T09:48:51","guid":{"rendered":"https:\/\/vintageguitars.fr\/en\/product\/fender-princeton-2\/"},"modified":"2023-01-07T17:02:00","modified_gmt":"2023-01-07T16:02:00","slug":"fender-princeton-2","status":"publish","type":"product","link":"https:\/\/vintageguitars.fr\/en\/produit\/fender-princeton-2\/","title":{"rendered":"Fender Princeton"},"content":{"rendered":"<p><strong>VENDU<\/strong><\/p>\n<p>Un des premiers Tweed. Ce Princeton est en excellent \u00e9tat comme vous pouvez le voir. Le tweed a quelques accrocs mais il reste tr\u00e8s propre. Il fonctionne parfaitement. Le tube chart est intact. La poign\u00e9e est une r\u00e9\u00e9dition mais ne boudons pas notre plaisir, trouver un Princeton de 1949 est presqu&#8217; impossible aujourd&#8217;hui alors dans cet \u00e9tat&#8230;<\/p>\n<p>&nbsp;<\/p>\n","protected":false},"excerpt":{"rendered":"<p>VENDU Un des premiers Tweed. Ce Princeton est en excellent \u00e9tat comme vous pouvez le voir. Le tweed a quelques accrocs mais il reste tr\u00e8s propre. Il fonctionne parfaitement. Le tube chart est intact. La poign\u00e9e est une r\u00e9\u00e9dition mais ne boudons pas notre plaisir, trouver un Princeton de 1949 est presqu&#8217; impossible aujourd&#8217;hui alors [&hellip;]<\/p>\n","protected":false},"featured_media":19838,"template":"","meta":{"_acf_changed":false},"product_brand":[],"product_cat":[22,8,30],"product_tag":[],"class_list":{"0":"post-19839","1":"product","2":"type-product","3":"status-publish","4":"has-post-thumbnail","6":"product_cat-amps","7":"product_cat-guitars","8":"product_cat-sold","10":"first","11":"instock","12":"shipping-taxable","13":"product-type-simple"},"acf":[],"_links":{"self":[{"href":"https:\/\/vintageguitars.fr\/en\/wp-json\/wp\/v2\/product\/19839","targetHints":{"allow":["GET"]}}],"collection":[{"href":"https:\/\/vintageguitars.fr\/en\/wp-json\/wp\/v2\/product"}],"about":[{"href":"https:\/\/vintageguitars.fr\/en\/wp-json\/wp\/v2\/types\/product"}],"wp:featuredmedia":[{"embeddable":true,"href":"https:\/\/vintageguitars.fr\/en\/wp-json\/wp\/v2\/media\/19838"}],"wp:attachment":[{"href":"https:\/\/vintageguitars.fr\/en\/wp-json\/wp\/v2\/media?parent=19839"}],"wp:term":[{"taxonomy":"product_brand","embeddable":true,"href":"https:\/\/vintageguitars.fr\/en\/wp-json\/wp\/v2\/product_brand?post=19839"},{"taxonomy":"product_cat","embeddable":true,"href":"https:\/\/vintageguitars.fr\/en\/wp-json\/wp\/v2\/product_cat?post=19839"},{"taxonomy":"product_tag","embeddable":true,"href":"https:\/\/vintageguitars.fr\/en\/wp-json\/wp\/v2\/product_tag?post=19839"}],"curies":[{"name":"wp","href":"https:\/\/api.w.org\/{rel}","templated":true}]}}