{"id":19795,"date":"2022-11-09T10:26:26","date_gmt":"2022-11-09T09:26:26","guid":{"rendered":"https:\/\/vintageguitars.fr\/en\/product\/fender-princeton-5f2-a\/"},"modified":"2024-05-30T18:33:21","modified_gmt":"2024-05-30T16:33:21","slug":"fender-princeton-5f2-a","status":"publish","type":"product","link":"https:\/\/vintageguitars.fr\/en\/produit\/fender-princeton-5f2-a\/","title":{"rendered":"Fender Princeton 5F2-A"},"content":{"rendered":"<p>Ce Princeton pr\u00e9sente les caract\u00e9ristiques d&#8217;un tweed qui a jou\u00e9: les lampes, condensateurs et poign\u00e9e ont \u00e9t\u00e9 remplac\u00e9s. C&#8217;est juste une question de fonctionnalit\u00e9 \u00e0 un certain point, mieux vaut un ampli fonctionnel qu&#8217;un tout d&#8217;origine qui ne marche pas ou dangereux. Dans cette optique le c\u00e2ble d&#8217;alimentation a \u00e9t\u00e9 remplac\u00e9 pour installer une prise de terre \u00e9galement. Le transfo est original et l&#8217;ampli toujours en 110V. Le tissu tweed est original et pr\u00e9sente une usure assez mod\u00e9r\u00e9e. Il sonne super, c&#8217;est un excellent compromis pour rentrer dans le monde des Tweed, moins sujet au crunch qu&#8217;un Champ par exemple, il poss\u00e8de un clean \u00e0 la limite du breakup qui est un peu le meilleur des 2 mondes.<\/p>\n","protected":false},"excerpt":{"rendered":"<p>Ce Princeton pr\u00e9sente les caract\u00e9ristiques d&#8217;un tweed qui a jou\u00e9: les lampes, condensateurs et poign\u00e9e ont \u00e9t\u00e9 remplac\u00e9s. C&#8217;est juste une question de fonctionnalit\u00e9 \u00e0 un certain point, mieux vaut un ampli fonctionnel qu&#8217;un tout d&#8217;origine qui ne marche pas ou dangereux. Dans cette optique le c\u00e2ble d&#8217;alimentation a \u00e9t\u00e9 remplac\u00e9 pour installer une prise [&hellip;]<\/p>\n","protected":false},"featured_media":19794,"template":"","meta":{"_acf_changed":false},"product_brand":[],"product_cat":[22,30],"product_tag":[],"class_list":{"0":"post-19795","1":"product","2":"type-product","3":"status-publish","4":"has-post-thumbnail","6":"product_cat-amps","7":"product_cat-sold","9":"first","10":"instock","11":"shipping-taxable","12":"purchasable","13":"product-type-simple"},"acf":[],"_links":{"self":[{"href":"https:\/\/vintageguitars.fr\/en\/wp-json\/wp\/v2\/product\/19795","targetHints":{"allow":["GET"]}}],"collection":[{"href":"https:\/\/vintageguitars.fr\/en\/wp-json\/wp\/v2\/product"}],"about":[{"href":"https:\/\/vintageguitars.fr\/en\/wp-json\/wp\/v2\/types\/product"}],"wp:featuredmedia":[{"embeddable":true,"href":"https:\/\/vintageguitars.fr\/en\/wp-json\/wp\/v2\/media\/19794"}],"wp:attachment":[{"href":"https:\/\/vintageguitars.fr\/en\/wp-json\/wp\/v2\/media?parent=19795"}],"wp:term":[{"taxonomy":"product_brand","embeddable":true,"href":"https:\/\/vintageguitars.fr\/en\/wp-json\/wp\/v2\/product_brand?post=19795"},{"taxonomy":"product_cat","embeddable":true,"href":"https:\/\/vintageguitars.fr\/en\/wp-json\/wp\/v2\/product_cat?post=19795"},{"taxonomy":"product_tag","embeddable":true,"href":"https:\/\/vintageguitars.fr\/en\/wp-json\/wp\/v2\/product_tag?post=19795"}],"curies":[{"name":"wp","href":"https:\/\/api.w.org\/{rel}","templated":true}]}}