{"id":19529,"date":"2023-12-06T18:02:18","date_gmt":"2023-12-06T17:02:18","guid":{"rendered":"https:\/\/vintageguitars.fr\/en\/product\/harmony-stratotone-h46\/"},"modified":"2024-01-27T15:49:35","modified_gmt":"2024-01-27T14:49:35","slug":"harmony-stratotone-h46","status":"publish","type":"product","link":"https:\/\/vintageguitars.fr\/en\/produit\/harmony-stratotone-h46\/","title":{"rendered":"Harmony Stratotone H46"},"content":{"rendered":"<p>Belle Harmony enti\u00e8rement originale et bien r\u00e9sonante \u00e0 vide. Parfaitement jouable. En \u00e9tui \u00a0original<\/p>\n","protected":false},"excerpt":{"rendered":"<p>Belle Harmony enti\u00e8rement originale et bien r\u00e9sonante \u00e0 vide. Parfaitement jouable. En \u00e9tui \u00a0original<\/p>\n","protected":false},"featured_media":19528,"template":"","meta":{"_acf_changed":false},"product_brand":[],"product_cat":[18,8,30],"product_tag":[],"class_list":{"0":"post-19529","1":"product","2":"type-product","3":"status-publish","4":"has-post-thumbnail","6":"product_cat-electric","7":"product_cat-guitars","8":"product_cat-sold","10":"first","11":"instock","12":"shipping-taxable","13":"purchasable","14":"product-type-simple"},"acf":[],"_links":{"self":[{"href":"https:\/\/vintageguitars.fr\/en\/wp-json\/wp\/v2\/product\/19529","targetHints":{"allow":["GET"]}}],"collection":[{"href":"https:\/\/vintageguitars.fr\/en\/wp-json\/wp\/v2\/product"}],"about":[{"href":"https:\/\/vintageguitars.fr\/en\/wp-json\/wp\/v2\/types\/product"}],"wp:featuredmedia":[{"embeddable":true,"href":"https:\/\/vintageguitars.fr\/en\/wp-json\/wp\/v2\/media\/19528"}],"wp:attachment":[{"href":"https:\/\/vintageguitars.fr\/en\/wp-json\/wp\/v2\/media?parent=19529"}],"wp:term":[{"taxonomy":"product_brand","embeddable":true,"href":"https:\/\/vintageguitars.fr\/en\/wp-json\/wp\/v2\/product_brand?post=19529"},{"taxonomy":"product_cat","embeddable":true,"href":"https:\/\/vintageguitars.fr\/en\/wp-json\/wp\/v2\/product_cat?post=19529"},{"taxonomy":"product_tag","embeddable":true,"href":"https:\/\/vintageguitars.fr\/en\/wp-json\/wp\/v2\/product_tag?post=19529"}],"curies":[{"name":"wp","href":"https:\/\/api.w.org\/{rel}","templated":true}]}}