{"id":19506,"date":"2022-11-06T17:18:54","date_gmt":"2022-11-06T16:18:54","guid":{"rendered":"https:\/\/vintageguitars.fr\/en\/product\/martin-5-15t\/"},"modified":"2023-01-31T15:29:51","modified_gmt":"2023-01-31T14:29:51","slug":"martin-5-15t","status":"publish","type":"product","link":"https:\/\/vintageguitars.fr\/en\/produit\/martin-5-15t\/","title":{"rendered":"Martin 5-15T"},"content":{"rendered":"<p>Voil\u00e0 un instrument que l&#8217;on ne croise pas tout les jours.<\/p>\n<p>Ce petit format est en excellent \u00e9tat, on notera juste un tout petit poc sur l&#8217;\u00e9clisse au bas de la caisse, mineur et sans incidence r\u00e9elle sur la structure.<\/p>\n<p>Le manche est bien droit et juste. L&#8217;angle de renversement est id\u00e9al. C&#8217;est un instrument tr\u00e8s dynamique avec une projection assez impressionnante et tr\u00e8s directe.<\/p>\n<p>Fournie en \u00e9tui original s&#8217;il vous pla\u00eet.<\/p>\n<p>&nbsp;<\/p>\n","protected":false},"excerpt":{"rendered":"<p>Voil\u00e0 un instrument que l&#8217;on ne croise pas tout les jours. Ce petit format est en excellent \u00e9tat, on notera juste un tout petit poc sur l&#8217;\u00e9clisse au bas de la caisse, mineur et sans incidence r\u00e9elle sur la structure. Le manche est bien droit et juste. L&#8217;angle de renversement est id\u00e9al. C&#8217;est un instrument [&hellip;]<\/p>\n","protected":false},"featured_media":19505,"template":"","meta":{"_acf_changed":false},"product_brand":[],"product_cat":[15,8,30],"product_tag":[],"class_list":{"0":"post-19506","1":"product","2":"type-product","3":"status-publish","4":"has-post-thumbnail","6":"product_cat-accoustic","7":"product_cat-guitars","8":"product_cat-sold","10":"first","11":"instock","12":"shipping-taxable","13":"purchasable","14":"product-type-simple"},"acf":[],"_links":{"self":[{"href":"https:\/\/vintageguitars.fr\/en\/wp-json\/wp\/v2\/product\/19506","targetHints":{"allow":["GET"]}}],"collection":[{"href":"https:\/\/vintageguitars.fr\/en\/wp-json\/wp\/v2\/product"}],"about":[{"href":"https:\/\/vintageguitars.fr\/en\/wp-json\/wp\/v2\/types\/product"}],"wp:featuredmedia":[{"embeddable":true,"href":"https:\/\/vintageguitars.fr\/en\/wp-json\/wp\/v2\/media\/19505"}],"wp:attachment":[{"href":"https:\/\/vintageguitars.fr\/en\/wp-json\/wp\/v2\/media?parent=19506"}],"wp:term":[{"taxonomy":"product_brand","embeddable":true,"href":"https:\/\/vintageguitars.fr\/en\/wp-json\/wp\/v2\/product_brand?post=19506"},{"taxonomy":"product_cat","embeddable":true,"href":"https:\/\/vintageguitars.fr\/en\/wp-json\/wp\/v2\/product_cat?post=19506"},{"taxonomy":"product_tag","embeddable":true,"href":"https:\/\/vintageguitars.fr\/en\/wp-json\/wp\/v2\/product_tag?post=19506"}],"curies":[{"name":"wp","href":"https:\/\/api.w.org\/{rel}","templated":true}]}}