{"id":19300,"date":"2022-09-19T13:52:27","date_gmt":"2022-09-19T11:52:27","guid":{"rendered":"https:\/\/vintageguitars.fr\/en\/product\/mosrite-texarkana\/"},"modified":"2022-10-06T16:22:19","modified_gmt":"2022-10-06T14:22:19","slug":"mosrite-texarkana","status":"publish","type":"product","link":"https:\/\/vintageguitars.fr\/en\/produit\/mosrite-texarkana\/","title":{"rendered":"Mosrite Texarkana"},"content":{"rendered":"<p>Instrument ramen\u00e9 du nouveau continent par mes soins lors d&#8217;un voyage il y a 7 ou 8 ans. L&#8217;\u00e9tat g\u00e9n\u00e9ral est correct m\u00eame si quelques marques sont pr\u00e9sentes ici ou l\u00e0. Il est toujours parfaitement fonctionnel. Le manche est r\u00e9glable gr\u00e2ce \u00e0 la vis pr\u00e9sente au dos de l&#8217;instrument, c&#8217;est d&#8217;une facilit\u00e9 d\u00e9concertante, cela n&#8217;a jamais \u00e9t\u00e9 aussi facile de r\u00e9gler une action. Le micro et l\u2019\u00e9lectronique sont originaux et fonctionnent bien. Le logo sur la t\u00eate et le cache truss rod sont manquants. C&#8217;est une guitare int\u00e9ressante avec un son qui lui est propre. Le manche est tr\u00e8s agr\u00e9able et assez fin, ce qui est rare sur les dobros d&#8217;une mani\u00e8re g\u00e9n\u00e9rale. Amplifier un instrument \u00e0 r\u00e9sonateur en installant un micro est toujours un peu prise de t\u00eate quand il n&#8217; a pas \u00e9t\u00e9 con\u00e7u pour cela. C&#8217;est un des points forts de cet instrument qui est aussi fort agr\u00e9able en acoustique. En \u00e9tui rigide r\u00e9cent.<\/p>\n","protected":false},"excerpt":{"rendered":"<p>Instrument ramen\u00e9 du nouveau continent par mes soins lors d&#8217;un voyage il y a 7 ou 8 ans. L&#8217;\u00e9tat g\u00e9n\u00e9ral est correct m\u00eame si quelques marques sont pr\u00e9sentes ici ou l\u00e0. Il est toujours parfaitement fonctionnel. Le manche est r\u00e9glable gr\u00e2ce \u00e0 la vis pr\u00e9sente au dos de l&#8217;instrument, c&#8217;est d&#8217;une facilit\u00e9 d\u00e9concertante, cela n&#8217;a [&hellip;]<\/p>\n","protected":false},"featured_media":19283,"template":"","meta":{"_acf_changed":false},"product_brand":[],"product_cat":[18,8,14,30],"product_tag":[],"class_list":{"0":"post-19300","1":"product","2":"type-product","3":"status-publish","4":"has-post-thumbnail","6":"product_cat-electric","7":"product_cat-guitars","8":"product_cat-other","9":"product_cat-sold","11":"first","12":"instock","13":"shipping-taxable","14":"purchasable","15":"product-type-simple"},"acf":[],"_links":{"self":[{"href":"https:\/\/vintageguitars.fr\/en\/wp-json\/wp\/v2\/product\/19300","targetHints":{"allow":["GET"]}}],"collection":[{"href":"https:\/\/vintageguitars.fr\/en\/wp-json\/wp\/v2\/product"}],"about":[{"href":"https:\/\/vintageguitars.fr\/en\/wp-json\/wp\/v2\/types\/product"}],"wp:featuredmedia":[{"embeddable":true,"href":"https:\/\/vintageguitars.fr\/en\/wp-json\/wp\/v2\/media\/19283"}],"wp:attachment":[{"href":"https:\/\/vintageguitars.fr\/en\/wp-json\/wp\/v2\/media?parent=19300"}],"wp:term":[{"taxonomy":"product_brand","embeddable":true,"href":"https:\/\/vintageguitars.fr\/en\/wp-json\/wp\/v2\/product_brand?post=19300"},{"taxonomy":"product_cat","embeddable":true,"href":"https:\/\/vintageguitars.fr\/en\/wp-json\/wp\/v2\/product_cat?post=19300"},{"taxonomy":"product_tag","embeddable":true,"href":"https:\/\/vintageguitars.fr\/en\/wp-json\/wp\/v2\/product_tag?post=19300"}],"curies":[{"name":"wp","href":"https:\/\/api.w.org\/{rel}","templated":true}]}}