{"id":19278,"date":"2022-09-02T14:55:54","date_gmt":"2022-09-02T12:55:54","guid":{"rendered":"https:\/\/vintageguitars.fr\/en\/product\/fender-jazzmaster-12\/"},"modified":"2022-09-25T10:50:28","modified_gmt":"2022-09-25T08:50:28","slug":"fender-jazzmaster-12","status":"publish","type":"product","link":"https:\/\/vintageguitars.fr\/en\/produit\/fender-jazzmaster-12\/","title":{"rendered":"Fender Jazzmaster"},"content":{"rendered":"<p>Instrument en tr\u00e8s bon \u00e9tat et enti\u00e8rement original. J&#8217;ai travers\u00e9 la France pour aller chercher cette Jazzmaster il y a de cela un an, et j&#8217;avais bien fait car elle est excellente. Quelques traces de jeu de ci de l\u00e0 mais rien de bien m\u00e9chant, une usure normale somme toute pour une guitare de ce genre. Micros et \u00e9lectronique d&#8217;origine fonctionnent sans probl\u00e8me. Aucun changement. Pour une fois on peut utiliser le terme si galvaud\u00e9 de &#8220;mod\u00e8le de transition&#8221;: la guitare arbore en effet une touche avec filetterie mais sans les rep\u00e8res blocs en nacre. Fournie en \u00e9tui rigide original.<\/p>\n","protected":false},"excerpt":{"rendered":"<p>Instrument en tr\u00e8s bon \u00e9tat et enti\u00e8rement original. J&#8217;ai travers\u00e9 la France pour aller chercher cette Jazzmaster il y a de cela un an, et j&#8217;avais bien fait car elle est excellente. Quelques traces de jeu de ci de l\u00e0 mais rien de bien m\u00e9chant, une usure normale somme toute pour une guitare de ce [&hellip;]<\/p>\n","protected":false},"featured_media":19243,"template":"","meta":{"_acf_changed":false},"product_brand":[],"product_cat":[18,8,30],"product_tag":[],"class_list":{"0":"post-19278","1":"product","2":"type-product","3":"status-publish","4":"has-post-thumbnail","6":"product_cat-electric","7":"product_cat-guitars","8":"product_cat-sold","10":"first","11":"instock","12":"shipping-taxable","13":"product-type-simple"},"acf":[],"_links":{"self":[{"href":"https:\/\/vintageguitars.fr\/en\/wp-json\/wp\/v2\/product\/19278","targetHints":{"allow":["GET"]}}],"collection":[{"href":"https:\/\/vintageguitars.fr\/en\/wp-json\/wp\/v2\/product"}],"about":[{"href":"https:\/\/vintageguitars.fr\/en\/wp-json\/wp\/v2\/types\/product"}],"wp:featuredmedia":[{"embeddable":true,"href":"https:\/\/vintageguitars.fr\/en\/wp-json\/wp\/v2\/media\/19243"}],"wp:attachment":[{"href":"https:\/\/vintageguitars.fr\/en\/wp-json\/wp\/v2\/media?parent=19278"}],"wp:term":[{"taxonomy":"product_brand","embeddable":true,"href":"https:\/\/vintageguitars.fr\/en\/wp-json\/wp\/v2\/product_brand?post=19278"},{"taxonomy":"product_cat","embeddable":true,"href":"https:\/\/vintageguitars.fr\/en\/wp-json\/wp\/v2\/product_cat?post=19278"},{"taxonomy":"product_tag","embeddable":true,"href":"https:\/\/vintageguitars.fr\/en\/wp-json\/wp\/v2\/product_tag?post=19278"}],"curies":[{"name":"wp","href":"https:\/\/api.w.org\/{rel}","templated":true}]}}