{"id":19171,"date":"2022-08-29T09:43:05","date_gmt":"2022-08-29T07:43:05","guid":{"rendered":"https:\/\/vintageguitars.fr\/en\/product\/martin-00-18-2\/"},"modified":"2022-10-19T11:19:14","modified_gmt":"2022-10-19T09:19:14","slug":"martin-00-18-2","status":"publish","type":"product","link":"https:\/\/vintageguitars.fr\/en\/produit\/martin-00-18-2\/","title":{"rendered":"Martin 00-18"},"content":{"rendered":"<p>Il est devenu vraiment difficile de trouver des Martin vintage en bel \u00e9tat. J&#8217;ai choisi celle-ci car son \u00e9tat est irr\u00e9prochable, la jouabilit\u00e9 est parfaite et son timbre est exquis. Id\u00e9ale pour tout ce qui est finger picking ou folk, elle r\u00e9agit \u00e0 la moindre sollicitation, c&#8217;est un instrument dot\u00e9 d&#8217;une belle projection qui conviendra tout aussi bien au flat picking. Peu encombrante, c&#8217;est un format tr\u00e8s agr\u00e9able \u00e0 tenir en main. Aucune fente ou r\u00e9paration, seuls les sillets ont \u00e9t\u00e9 chang\u00e9s.\u00a0 En \u00e9tui rigide r\u00e9cent de bonne facture et \u00e0 la bonne taille.<\/p>\n","protected":false},"excerpt":{"rendered":"<p>Il est devenu vraiment difficile de trouver des Martin vintage en bel \u00e9tat. J&#8217;ai choisi celle-ci car son \u00e9tat est irr\u00e9prochable, la jouabilit\u00e9 est parfaite et son timbre est exquis. Id\u00e9ale pour tout ce qui est finger picking ou folk, elle r\u00e9agit \u00e0 la moindre sollicitation, c&#8217;est un instrument dot\u00e9 d&#8217;une belle projection qui conviendra [&hellip;]<\/p>\n","protected":false},"featured_media":19170,"template":"","meta":{"_acf_changed":false},"product_brand":[],"product_cat":[15,30],"product_tag":[],"class_list":{"0":"post-19171","1":"product","2":"type-product","3":"status-publish","4":"has-post-thumbnail","6":"product_cat-accoustic","7":"product_cat-sold","9":"first","10":"instock","11":"shipping-taxable","12":"purchasable","13":"product-type-simple"},"acf":[],"_links":{"self":[{"href":"https:\/\/vintageguitars.fr\/en\/wp-json\/wp\/v2\/product\/19171","targetHints":{"allow":["GET"]}}],"collection":[{"href":"https:\/\/vintageguitars.fr\/en\/wp-json\/wp\/v2\/product"}],"about":[{"href":"https:\/\/vintageguitars.fr\/en\/wp-json\/wp\/v2\/types\/product"}],"wp:featuredmedia":[{"embeddable":true,"href":"https:\/\/vintageguitars.fr\/en\/wp-json\/wp\/v2\/media\/19170"}],"wp:attachment":[{"href":"https:\/\/vintageguitars.fr\/en\/wp-json\/wp\/v2\/media?parent=19171"}],"wp:term":[{"taxonomy":"product_brand","embeddable":true,"href":"https:\/\/vintageguitars.fr\/en\/wp-json\/wp\/v2\/product_brand?post=19171"},{"taxonomy":"product_cat","embeddable":true,"href":"https:\/\/vintageguitars.fr\/en\/wp-json\/wp\/v2\/product_cat?post=19171"},{"taxonomy":"product_tag","embeddable":true,"href":"https:\/\/vintageguitars.fr\/en\/wp-json\/wp\/v2\/product_tag?post=19171"}],"curies":[{"name":"wp","href":"https:\/\/api.w.org\/{rel}","templated":true}]}}