{"id":18342,"date":"2023-02-01T15:34:34","date_gmt":"2023-02-01T14:34:34","guid":{"rendered":"https:\/\/vintageguitars.fr\/en\/product\/firebird-bicentennial-ebony\/"},"modified":"2023-03-19T09:16:18","modified_gmt":"2023-03-19T08:16:18","slug":"firebird-bicentennial-ebony","status":"publish","type":"product","link":"https:\/\/vintageguitars.fr\/en\/produit\/firebird-bicentennial-ebony\/","title":{"rendered":"Firebird Bicentennial Ebony"},"content":{"rendered":"<p>Superbe mod\u00e8le cr\u00e9\u00e9 pour le bicentenaire de la d\u00e9claration d&#8217;Ind\u00e9pendance des Etats-Unis.<\/p>\n<p>Enti\u00e8rement originale, elle est en excellent \u00e9tat et joue \u00e0 merveille.<\/p>\n<p>Le manche est incroyable vraiment.<\/p>\n<p>Etui rigide original.<\/p>\n<p>&nbsp;<\/p>\n","protected":false},"excerpt":{"rendered":"<p>Superbe mod\u00e8le cr\u00e9\u00e9 pour le bicentenaire de la d\u00e9claration d&#8217;Ind\u00e9pendance des Etats-Unis. Enti\u00e8rement originale, elle est en excellent \u00e9tat et joue \u00e0 merveille. Le manche est incroyable vraiment. Etui rigide original. &nbsp;<\/p>\n","protected":false},"featured_media":18321,"template":"","meta":{"_acf_changed":false},"product_brand":[],"product_cat":[18,8,30],"product_tag":[],"class_list":{"0":"post-18342","1":"product","2":"type-product","3":"status-publish","4":"has-post-thumbnail","6":"product_cat-electric","7":"product_cat-guitars","8":"product_cat-sold","10":"first","11":"instock","12":"shipping-taxable","13":"purchasable","14":"product-type-simple"},"acf":[],"_links":{"self":[{"href":"https:\/\/vintageguitars.fr\/en\/wp-json\/wp\/v2\/product\/18342","targetHints":{"allow":["GET"]}}],"collection":[{"href":"https:\/\/vintageguitars.fr\/en\/wp-json\/wp\/v2\/product"}],"about":[{"href":"https:\/\/vintageguitars.fr\/en\/wp-json\/wp\/v2\/types\/product"}],"wp:featuredmedia":[{"embeddable":true,"href":"https:\/\/vintageguitars.fr\/en\/wp-json\/wp\/v2\/media\/18321"}],"wp:attachment":[{"href":"https:\/\/vintageguitars.fr\/en\/wp-json\/wp\/v2\/media?parent=18342"}],"wp:term":[{"taxonomy":"product_brand","embeddable":true,"href":"https:\/\/vintageguitars.fr\/en\/wp-json\/wp\/v2\/product_brand?post=18342"},{"taxonomy":"product_cat","embeddable":true,"href":"https:\/\/vintageguitars.fr\/en\/wp-json\/wp\/v2\/product_cat?post=18342"},{"taxonomy":"product_tag","embeddable":true,"href":"https:\/\/vintageguitars.fr\/en\/wp-json\/wp\/v2\/product_tag?post=18342"}],"curies":[{"name":"wp","href":"https:\/\/api.w.org\/{rel}","templated":true}]}}