{"id":1824,"date":"2017-01-19T21:30:25","date_gmt":"2017-01-19T20:30:25","guid":{"rendered":"http:\/\/vintageguitars.fr\/en\/produit\/vox-ac30\/"},"modified":"2017-02-01T13:07:30","modified_gmt":"2017-02-01T12:07:30","slug":"vox-ac30","status":"publish","type":"product","link":"https:\/\/vintageguitars.fr\/en\/produit\/vox-ac30\/","title":{"rendered":"Fender Bassman"},"content":{"rendered":"<p>Ampli mythique en super \u00e9tat de marche. Circuit 5F6-A avec pr\u00e9sence. Il a \u00e9t\u00e9 r\u00e9vis\u00e9 et les composants \u00e9lectrolytiques d\u00e9fectueux ainsi que les r\u00e9sistances qui n&#8217;avaient plus la bonne valeur ont \u00e9t\u00e9 chang\u00e9es et conserv\u00e9es. Les HP sont originaux et ont \u00e9t\u00e9 rec\u00f4n\u00e9s. Il est livr\u00e9 avec un flight case sur mesure.<\/p>\n","protected":false},"excerpt":{"rendered":"<p>Ampli mythique en super \u00e9tat de marche. Circuit 5F6-A avec pr\u00e9sence. Il a \u00e9t\u00e9 r\u00e9vis\u00e9 et les composants \u00e9lectrolytiques d\u00e9fectueux ainsi que les r\u00e9sistances qui n&#8217;avaient plus la bonne valeur ont \u00e9t\u00e9 chang\u00e9es et conserv\u00e9es. Les HP sont originaux et ont \u00e9t\u00e9 rec\u00f4n\u00e9s. Il est livr\u00e9 avec un flight case sur mesure.<\/p>\n","protected":false},"featured_media":1807,"template":"","meta":{"_acf_changed":false},"product_brand":[],"product_cat":[22,30],"product_tag":[],"class_list":{"0":"post-1824","1":"product","2":"type-product","3":"status-publish","4":"has-post-thumbnail","6":"product_cat-amps","7":"product_cat-sold","9":"first","10":"instock","11":"shipping-taxable","12":"purchasable","13":"product-type-simple"},"acf":[],"_links":{"self":[{"href":"https:\/\/vintageguitars.fr\/en\/wp-json\/wp\/v2\/product\/1824","targetHints":{"allow":["GET"]}}],"collection":[{"href":"https:\/\/vintageguitars.fr\/en\/wp-json\/wp\/v2\/product"}],"about":[{"href":"https:\/\/vintageguitars.fr\/en\/wp-json\/wp\/v2\/types\/product"}],"wp:featuredmedia":[{"embeddable":true,"href":"https:\/\/vintageguitars.fr\/en\/wp-json\/wp\/v2\/media\/1807"}],"wp:attachment":[{"href":"https:\/\/vintageguitars.fr\/en\/wp-json\/wp\/v2\/media?parent=1824"}],"wp:term":[{"taxonomy":"product_brand","embeddable":true,"href":"https:\/\/vintageguitars.fr\/en\/wp-json\/wp\/v2\/product_brand?post=1824"},{"taxonomy":"product_cat","embeddable":true,"href":"https:\/\/vintageguitars.fr\/en\/wp-json\/wp\/v2\/product_cat?post=1824"},{"taxonomy":"product_tag","embeddable":true,"href":"https:\/\/vintageguitars.fr\/en\/wp-json\/wp\/v2\/product_tag?post=1824"}],"curies":[{"name":"wp","href":"https:\/\/api.w.org\/{rel}","templated":true}]}}