{"id":17829,"date":"2021-12-03T11:20:23","date_gmt":"2021-12-03T10:20:23","guid":{"rendered":"https:\/\/vintageguitars.fr\/en\/product\/gibson-les-paul-signature\/"},"modified":"2022-02-22T10:39:03","modified_gmt":"2022-02-22T09:39:03","slug":"gibson-les-paul-signature","status":"publish","type":"product","link":"https:\/\/vintageguitars.fr\/en\/produit\/gibson-les-paul-signature\/","title":{"rendered":"Gibson Les Paul Signature"},"content":{"rendered":"<p><strong>R\u00e9serv\u00e9e<\/strong><\/p>\n<p>&nbsp;<\/p>\n<p>Ma Gibson pr\u00e9f\u00e9r\u00e9e des ann\u00e9es 70. Cet instrument m\u00e9connu est pourtant absolument g\u00e9nial. Produit \u00e0 1378 exemplaires seulement de 1973 \u00e0 1979 il est difficile de mettre la main dessus. Avec ses 2 micros \u00e0 faible imp\u00e9dance et ses 2 sorties jack ( haute ou basse imp\u00e9dance donc) c&#8217;est un outil redoutable pour le studio, vous pouvez la brancher directement dans la console par exemple.<\/p>\n<p>L&#8217;\u00e9lectronique marche parfaitement. Les micros \u00ab\u00a0low impedance\u00a0\u00bb qui ont la r\u00e9putation d&#8217;\u00eatre les pr\u00e9f\u00e9r\u00e9s de Les Paul sont incroyables, avec une grande clart\u00e9 et un spectre tr\u00e8s large. Le manche est dingue, vraiment digne des plus belles ann\u00e9es Gibson. Avec 42,8mm au sillet ( 1 11\/16 inch) c&#8217;est une valeur s\u00fbre. Le profil rond \u00e0 la mani\u00e8re des 63\/64 est id\u00e9al. Il y a d\u00e9finitivement plus de mati\u00e8re que sur un type 61\/62 par exemple. Le manche est parfaitement droit, l&#8217;action ultra basse, l&#8217;acc\u00e8s aux aigus est id\u00e9al, l&#8217;instrument tr\u00e8s juste dans son ensemble. Il se d\u00e9gage une impression de solidit\u00e9 et m\u00eame de s\u00e9rieux dans la lutherie. Une r\u00e9ussite totale \u00e0 mon sens.<\/p>\n<p>En \u00e9tui rigide original.<\/p>\n","protected":false},"excerpt":{"rendered":"<p>R\u00e9serv\u00e9e &nbsp; Ma Gibson pr\u00e9f\u00e9r\u00e9e des ann\u00e9es 70. Cet instrument m\u00e9connu est pourtant absolument g\u00e9nial. Produit \u00e0 1378 exemplaires seulement de 1973 \u00e0 1979 il est difficile de mettre la main dessus. Avec ses 2 micros \u00e0 faible imp\u00e9dance et ses 2 sorties jack ( haute ou basse imp\u00e9dance donc) c&#8217;est un outil redoutable pour [&hellip;]<\/p>\n","protected":false},"featured_media":17814,"template":"","meta":{"_acf_changed":false},"product_brand":[],"product_cat":[18,8,30],"product_tag":[],"class_list":{"0":"post-17829","1":"product","2":"type-product","3":"status-publish","4":"has-post-thumbnail","6":"product_cat-electric","7":"product_cat-guitars","8":"product_cat-sold","10":"first","11":"instock","12":"shipping-taxable","13":"product-type-simple"},"acf":[],"_links":{"self":[{"href":"https:\/\/vintageguitars.fr\/en\/wp-json\/wp\/v2\/product\/17829","targetHints":{"allow":["GET"]}}],"collection":[{"href":"https:\/\/vintageguitars.fr\/en\/wp-json\/wp\/v2\/product"}],"about":[{"href":"https:\/\/vintageguitars.fr\/en\/wp-json\/wp\/v2\/types\/product"}],"wp:featuredmedia":[{"embeddable":true,"href":"https:\/\/vintageguitars.fr\/en\/wp-json\/wp\/v2\/media\/17814"}],"wp:attachment":[{"href":"https:\/\/vintageguitars.fr\/en\/wp-json\/wp\/v2\/media?parent=17829"}],"wp:term":[{"taxonomy":"product_brand","embeddable":true,"href":"https:\/\/vintageguitars.fr\/en\/wp-json\/wp\/v2\/product_brand?post=17829"},{"taxonomy":"product_cat","embeddable":true,"href":"https:\/\/vintageguitars.fr\/en\/wp-json\/wp\/v2\/product_cat?post=17829"},{"taxonomy":"product_tag","embeddable":true,"href":"https:\/\/vintageguitars.fr\/en\/wp-json\/wp\/v2\/product_tag?post=17829"}],"curies":[{"name":"wp","href":"https:\/\/api.w.org\/{rel}","templated":true}]}}