{"id":17778,"date":"2021-11-13T13:23:17","date_gmt":"2021-11-13T12:23:17","guid":{"rendered":"https:\/\/vintageguitars.fr\/en\/product\/fender-musicmaster-2\/"},"modified":"2021-12-03T11:06:28","modified_gmt":"2021-12-03T10:06:28","slug":"fender-musicmaster-2","status":"publish","type":"product","link":"https:\/\/vintageguitars.fr\/en\/produit\/fender-musicmaster-2\/","title":{"rendered":"Fender Musicmaster"},"content":{"rendered":"<p>Instrument enti\u00e8rement original et tellement fun. Cette musicmaster est en excellent \u00e9tat, sans modification ou r\u00e9paration.<\/p>\n<p>La peinture desert sand est en bon \u00e9tat avec quelques accrocs mais rien de bien m\u00e9chant. Les frettes sont en bon \u00e9tat et la guitare est vraiment tr\u00e8s facile \u00e0 jouer. Petit diapason et action basse forment un combo d\u00e9tonant.<\/p>\n<p>La guitare vibre tellement c&#8217;est incroyable, vraiment.\u00a0En la d\u00e9montant j&#8217;ai constat\u00e9 que le manche ne voulait pas sortir de la cavit\u00e9. Cela ne m&#8217;est pas arriv\u00e9 souvent, je vais vous raconter une histoire tiens, la derni\u00e8re fois que cela m&#8217;est arriv\u00e9, il y a une petite dizaine d&#8217;ann\u00e9es je crois. Il s&#8217;agissait d&#8217;une\u00a0Strat des ann\u00e9es 60 qui n&#8217;avait pas jou\u00e9 depuis 30 ans et que le fils avait re\u00e7u en h\u00e9ritage sans jamais la jouer car il n&#8217;\u00e9tait lui m\u00eame pas musicien. Nous avons examin\u00e9 la guitare ensemble mais le manche ne venait pas, il semblait comme coll\u00e9. Nous avons remis de la tension sur les cordes: la guitare restait m\u00eame accord\u00e9e sans les 4 vis et la plaque de fixation&#8230; Il mit un petit coup un peu plus fort que les autres derri\u00e8re le manche et celui-ci finit par sortir. Le manche n&#8217;\u00e9tait pas coll\u00e9 mais la guitare n&#8217;avait jamais \u00e9t\u00e9 d\u00e9mont\u00e9e, le corps et le manche ne faisait plus qu&#8217;un pour ainsi dire. Une fois remis en place le manche ne tenait plus tout seul. Le sceau \u00e9tait bris\u00e9. Depuis ce jour je n&#8217;insiste jamais si un manche ne vient pas tout seul. Pas de photo de la cavit\u00e9 donc. Cependant je n&#8217;ai aucun doute sur l&#8217;originalit\u00e9 du vernis ou du manche et les nombreux autres d\u00e9tails attestent de son originalit\u00e9. Je n&#8217;ai juste pas envie de casser la magie.<\/p>\n<p>Si jamais vous l&#8217;achetez, que vous l&#8217;ouvrez et que vous constatez quelque chose d&#8217;anormal \u00e0 ce niveau je vous rembourserai sans discuter, mais cela n&#8217;arrivera pas j&#8217;en suis certain. Cependant je vous mets en garde, vous n&#8217;y trouverez rien et la guitare ne sera plus la m\u00eame et ce serait vraiment dommage car celle-ci est une des toutes meilleures que j&#8217;ai pu avoir. Ce petit d\u00e9tail sur lequel je viens de m&#8217;\u00e9tendre a, \u00e0 mon avis, plus d&#8217;importance que l&#8217;on ne pourrait croire de prime abord.<\/p>\n<p>Fourni en \u00e9tui rigide moderne, \u00e0 la bonne taille et tr\u00e8s protecteur.<\/p>\n","protected":false},"excerpt":{"rendered":"<p>Instrument enti\u00e8rement original et tellement fun. Cette musicmaster est en excellent \u00e9tat, sans modification ou r\u00e9paration. La peinture desert sand est en bon \u00e9tat avec quelques accrocs mais rien de bien m\u00e9chant. Les frettes sont en bon \u00e9tat et la guitare est vraiment tr\u00e8s facile \u00e0 jouer. Petit diapason et action basse forment un combo [&hellip;]<\/p>\n","protected":false},"featured_media":17777,"template":"","meta":{"_acf_changed":false},"product_brand":[],"product_cat":[18,8,30],"product_tag":[],"class_list":{"0":"post-17778","1":"product","2":"type-product","3":"status-publish","4":"has-post-thumbnail","6":"product_cat-electric","7":"product_cat-guitars","8":"product_cat-sold","10":"first","11":"instock","12":"shipping-taxable","13":"purchasable","14":"product-type-simple"},"acf":[],"_links":{"self":[{"href":"https:\/\/vintageguitars.fr\/en\/wp-json\/wp\/v2\/product\/17778","targetHints":{"allow":["GET"]}}],"collection":[{"href":"https:\/\/vintageguitars.fr\/en\/wp-json\/wp\/v2\/product"}],"about":[{"href":"https:\/\/vintageguitars.fr\/en\/wp-json\/wp\/v2\/types\/product"}],"wp:featuredmedia":[{"embeddable":true,"href":"https:\/\/vintageguitars.fr\/en\/wp-json\/wp\/v2\/media\/17777"}],"wp:attachment":[{"href":"https:\/\/vintageguitars.fr\/en\/wp-json\/wp\/v2\/media?parent=17778"}],"wp:term":[{"taxonomy":"product_brand","embeddable":true,"href":"https:\/\/vintageguitars.fr\/en\/wp-json\/wp\/v2\/product_brand?post=17778"},{"taxonomy":"product_cat","embeddable":true,"href":"https:\/\/vintageguitars.fr\/en\/wp-json\/wp\/v2\/product_cat?post=17778"},{"taxonomy":"product_tag","embeddable":true,"href":"https:\/\/vintageguitars.fr\/en\/wp-json\/wp\/v2\/product_tag?post=17778"}],"curies":[{"name":"wp","href":"https:\/\/api.w.org\/{rel}","templated":true}]}}