{"id":16710,"date":"2021-05-19T11:49:23","date_gmt":"2021-05-19T09:49:23","guid":{"rendered":"https:\/\/vintageguitars.fr\/en\/product\/epiphone-ft-110\/"},"modified":"2021-06-17T16:48:33","modified_gmt":"2021-06-17T14:48:33","slug":"epiphone-ft-110","status":"publish","type":"product","link":"https:\/\/vintageguitars.fr\/en\/produit\/epiphone-ft-110\/","title":{"rendered":"Epiphone FT-110"},"content":{"rendered":"<p>Une Epiphone ant\u00e9rieure au rachat par Gibson. Ce mod\u00e8le, qui porte le petit nom de FT-110, est vraiment impressionnant de par sa projection car c&#8217;est une guitare tr\u00e8s puissante avec un son tr\u00e8s profond. Je ne saurais dire si cela est uniquement d\u00fb au fond vout\u00e9 mais vous allez faire un bond en arri\u00e8re au premier accord je vous le garantis. C&#8217;est un instrument tr\u00e8s bien construit, de taille similaire \u00e0 une 000 Martin en quelque sorte, et qui a fait l&#8217;objet r\u00e9cemment d&#8217;un r\u00e9glage complet. Le chevalet original a \u00e9t\u00e9 recoll\u00e9 et la pastille triangulaire \u00e0 l&#8217;arri\u00e8re du talon a \u00e9t\u00e9 reproduite avec talent par Florian Chateau car elle \u00e9tait manquante, ce qui est un moindre mal apr\u00e8s 70 ans d&#8217;existence. L&#8217;angle du manche est bon et la guitare est bien jouable. Un mod\u00e8le rare qui saura s\u00e9duire ceux qui l&#8217;essaieront car le timbre est tout simplement unique. En \u00e9tui rigide original Epiphone, lui aussi en excellent \u00e9tat.<\/p>\n","protected":false},"excerpt":{"rendered":"<p>Une Epiphone ant\u00e9rieure au rachat par Gibson. Ce mod\u00e8le, qui porte le petit nom de FT-110, est vraiment impressionnant de par sa projection car c&#8217;est une guitare tr\u00e8s puissante avec un son tr\u00e8s profond. Je ne saurais dire si cela est uniquement d\u00fb au fond vout\u00e9 mais vous allez faire un bond en arri\u00e8re au [&hellip;]<\/p>\n","protected":false},"featured_media":16564,"template":"","meta":{"_acf_changed":false},"product_brand":[],"product_cat":[15,8,30],"product_tag":[],"class_list":{"0":"post-16710","1":"product","2":"type-product","3":"status-publish","4":"has-post-thumbnail","6":"product_cat-accoustic","7":"product_cat-guitars","8":"product_cat-sold","10":"first","11":"instock","12":"shipping-taxable","13":"purchasable","14":"product-type-simple"},"acf":[],"_links":{"self":[{"href":"https:\/\/vintageguitars.fr\/en\/wp-json\/wp\/v2\/product\/16710","targetHints":{"allow":["GET"]}}],"collection":[{"href":"https:\/\/vintageguitars.fr\/en\/wp-json\/wp\/v2\/product"}],"about":[{"href":"https:\/\/vintageguitars.fr\/en\/wp-json\/wp\/v2\/types\/product"}],"wp:featuredmedia":[{"embeddable":true,"href":"https:\/\/vintageguitars.fr\/en\/wp-json\/wp\/v2\/media\/16564"}],"wp:attachment":[{"href":"https:\/\/vintageguitars.fr\/en\/wp-json\/wp\/v2\/media?parent=16710"}],"wp:term":[{"taxonomy":"product_brand","embeddable":true,"href":"https:\/\/vintageguitars.fr\/en\/wp-json\/wp\/v2\/product_brand?post=16710"},{"taxonomy":"product_cat","embeddable":true,"href":"https:\/\/vintageguitars.fr\/en\/wp-json\/wp\/v2\/product_cat?post=16710"},{"taxonomy":"product_tag","embeddable":true,"href":"https:\/\/vintageguitars.fr\/en\/wp-json\/wp\/v2\/product_tag?post=16710"}],"curies":[{"name":"wp","href":"https:\/\/api.w.org\/{rel}","templated":true}]}}