{"id":16481,"date":"2021-03-19T15:23:18","date_gmt":"2021-03-19T14:23:18","guid":{"rendered":"https:\/\/vintageguitars.fr\/en\/product\/harmony-h-75\/"},"modified":"2021-03-26T17:11:07","modified_gmt":"2021-03-26T16:11:07","slug":"harmony-h-75","status":"publish","type":"product","link":"https:\/\/vintageguitars.fr\/en\/produit\/harmony-h-75\/","title":{"rendered":"Harmony H-75"},"content":{"rendered":"<p>Mod\u00e8le haut de gamme fabriqu\u00e9 par Harmony la H75 est une guitare qui saura en surprendre plus d&#8217;un. C&#8217;est un excellent instrument qui a un vrai son. Ce n&#8217;est pas qu&#8217;une guitare rock comme on peut le lire ici ou l\u00e0, m\u00eame si c&#8217;est vrai qu&#8217;elle marchera tr\u00e8s bien dans un petit ampli valco pouss\u00e9 \u00e0 fond par exemple, mais c&#8217;est aussi une tr\u00e8s bonne guitare soul. Le grain en clean est absolument g\u00e9nial. Il me semble bien d&#8217;ailleurs que c&#8217;est une guitare qui \u00e9tait utilis\u00e9e par les Dap Kings pour accompagner Sharon Jones par exemple. Ce mod\u00e8le en particulier est en bon \u00e9tat. Sans r\u00e9paration ou modification. Le pickguard est une reproduction moderne. La guitare est fournie dans un \u00e9tui r\u00e9cent.<\/p>\n","protected":false},"excerpt":{"rendered":"<p>Mod\u00e8le haut de gamme fabriqu\u00e9 par Harmony la H75 est une guitare qui saura en surprendre plus d&#8217;un. C&#8217;est un excellent instrument qui a un vrai son. Ce n&#8217;est pas qu&#8217;une guitare rock comme on peut le lire ici ou l\u00e0, m\u00eame si c&#8217;est vrai qu&#8217;elle marchera tr\u00e8s bien dans un petit ampli valco pouss\u00e9 [&hellip;]<\/p>\n","protected":false},"featured_media":16462,"template":"","meta":{"_acf_changed":false},"product_brand":[],"product_cat":[18,8,30],"product_tag":[],"class_list":{"0":"post-16481","1":"product","2":"type-product","3":"status-publish","4":"has-post-thumbnail","6":"product_cat-electric","7":"product_cat-guitars","8":"product_cat-sold","10":"first","11":"instock","12":"shipping-taxable","13":"purchasable","14":"product-type-simple"},"acf":[],"_links":{"self":[{"href":"https:\/\/vintageguitars.fr\/en\/wp-json\/wp\/v2\/product\/16481","targetHints":{"allow":["GET"]}}],"collection":[{"href":"https:\/\/vintageguitars.fr\/en\/wp-json\/wp\/v2\/product"}],"about":[{"href":"https:\/\/vintageguitars.fr\/en\/wp-json\/wp\/v2\/types\/product"}],"wp:featuredmedia":[{"embeddable":true,"href":"https:\/\/vintageguitars.fr\/en\/wp-json\/wp\/v2\/media\/16462"}],"wp:attachment":[{"href":"https:\/\/vintageguitars.fr\/en\/wp-json\/wp\/v2\/media?parent=16481"}],"wp:term":[{"taxonomy":"product_brand","embeddable":true,"href":"https:\/\/vintageguitars.fr\/en\/wp-json\/wp\/v2\/product_brand?post=16481"},{"taxonomy":"product_cat","embeddable":true,"href":"https:\/\/vintageguitars.fr\/en\/wp-json\/wp\/v2\/product_cat?post=16481"},{"taxonomy":"product_tag","embeddable":true,"href":"https:\/\/vintageguitars.fr\/en\/wp-json\/wp\/v2\/product_tag?post=16481"}],"curies":[{"name":"wp","href":"https:\/\/api.w.org\/{rel}","templated":true}]}}