{"id":16009,"date":"2021-02-21T08:23:18","date_gmt":"2021-02-21T07:23:18","guid":{"rendered":"https:\/\/vintageguitars.fr\/en\/product\/fender-vibrolux\/"},"modified":"2021-06-08T18:45:25","modified_gmt":"2021-06-08T16:45:25","slug":"fender-vibrolux","status":"publish","type":"product","link":"https:\/\/vintageguitars.fr\/en\/produit\/fender-vibrolux\/","title":{"rendered":"Fender Vibrolux"},"content":{"rendered":"<p>Ampli absolument g\u00e9nial. Circuit 5F11 avec condensateurs Astron originaux. Le transfo d&#8217;alimentation a \u00e9t\u00e9 chang\u00e9 pour passer en 220V. Pas besoin de transfo externe donc en Europe. HP Jensen original. Lampes Fender made in USSR. On est bien dans l&#8217;esprit tweed, pensez Harvard mais avec un tremolo. Fourni avec sa housse d&#8217;origine.<\/p>\n","protected":false},"excerpt":{"rendered":"<p>Ampli absolument g\u00e9nial. Circuit 5F11 avec condensateurs Astron originaux. Le transfo d&#8217;alimentation a \u00e9t\u00e9 chang\u00e9 pour passer en 220V. Pas besoin de transfo externe donc en Europe. HP Jensen original. Lampes Fender made in USSR. On est bien dans l&#8217;esprit tweed, pensez Harvard mais avec un tremolo. Fourni avec sa housse d&#8217;origine.<\/p>\n","protected":false},"featured_media":16011,"template":"","meta":{"_acf_changed":false},"product_brand":[],"product_cat":[22,30],"product_tag":[],"class_list":{"0":"post-16009","1":"product","2":"type-product","3":"status-publish","4":"has-post-thumbnail","6":"product_cat-amps","7":"product_cat-sold","9":"first","10":"instock","11":"shipping-taxable","12":"product-type-simple"},"acf":[],"_links":{"self":[{"href":"https:\/\/vintageguitars.fr\/en\/wp-json\/wp\/v2\/product\/16009","targetHints":{"allow":["GET"]}}],"collection":[{"href":"https:\/\/vintageguitars.fr\/en\/wp-json\/wp\/v2\/product"}],"about":[{"href":"https:\/\/vintageguitars.fr\/en\/wp-json\/wp\/v2\/types\/product"}],"wp:featuredmedia":[{"embeddable":true,"href":"https:\/\/vintageguitars.fr\/en\/wp-json\/wp\/v2\/media\/16011"}],"wp:attachment":[{"href":"https:\/\/vintageguitars.fr\/en\/wp-json\/wp\/v2\/media?parent=16009"}],"wp:term":[{"taxonomy":"product_brand","embeddable":true,"href":"https:\/\/vintageguitars.fr\/en\/wp-json\/wp\/v2\/product_brand?post=16009"},{"taxonomy":"product_cat","embeddable":true,"href":"https:\/\/vintageguitars.fr\/en\/wp-json\/wp\/v2\/product_cat?post=16009"},{"taxonomy":"product_tag","embeddable":true,"href":"https:\/\/vintageguitars.fr\/en\/wp-json\/wp\/v2\/product_tag?post=16009"}],"curies":[{"name":"wp","href":"https:\/\/api.w.org\/{rel}","templated":true}]}}