{"id":15928,"date":"2021-02-20T07:49:22","date_gmt":"2021-02-20T06:49:22","guid":{"rendered":"https:\/\/vintageguitars.fr\/en\/product\/airline-9032a\/"},"modified":"2021-03-18T14:49:53","modified_gmt":"2021-03-18T13:49:53","slug":"airline-9032a","status":"publish","type":"product","link":"https:\/\/vintageguitars.fr\/en\/produit\/airline-9032a\/","title":{"rendered":"Airline 9022A"},"content":{"rendered":"<p>Made in Chicago. Ce petit airline fabriqu\u00e9 par Valco est une petite bombe. Lamp\u00e9 comme un Champ mais pour une fraction du prix Fender: 5Y3GT, 6V6GT, 12AX7.<\/p>\n<p>Un Jensen original 8 pouces qui crunche \u00e0 souhait, et c&#8217;est ce qu&#8217;on aime sur ce genre de petit format 50\/60s.<\/p>\n<p>R\u00e9cemment r\u00e9vis\u00e9, un condensateur et le fusible chang\u00e9s. Toujours en 110V comme \u00e0 l&#8217;origine.<\/p>\n","protected":false},"excerpt":{"rendered":"<p>Made in Chicago. Ce petit airline fabriqu\u00e9 par Valco est une petite bombe. Lamp\u00e9 comme un Champ mais pour une fraction du prix Fender: 5Y3GT, 6V6GT, 12AX7. Un Jensen original 8 pouces qui crunche \u00e0 souhait, et c&#8217;est ce qu&#8217;on aime sur ce genre de petit format 50\/60s. R\u00e9cemment r\u00e9vis\u00e9, un condensateur et le fusible [&hellip;]<\/p>\n","protected":false},"featured_media":15921,"template":"","meta":{"_acf_changed":false},"product_brand":[],"product_cat":[22,30],"product_tag":[],"class_list":{"0":"post-15928","1":"product","2":"type-product","3":"status-publish","4":"has-post-thumbnail","6":"product_cat-amps","7":"product_cat-sold","9":"first","10":"instock","11":"shipping-taxable","12":"purchasable","13":"product-type-simple"},"acf":[],"_links":{"self":[{"href":"https:\/\/vintageguitars.fr\/en\/wp-json\/wp\/v2\/product\/15928","targetHints":{"allow":["GET"]}}],"collection":[{"href":"https:\/\/vintageguitars.fr\/en\/wp-json\/wp\/v2\/product"}],"about":[{"href":"https:\/\/vintageguitars.fr\/en\/wp-json\/wp\/v2\/types\/product"}],"wp:featuredmedia":[{"embeddable":true,"href":"https:\/\/vintageguitars.fr\/en\/wp-json\/wp\/v2\/media\/15921"}],"wp:attachment":[{"href":"https:\/\/vintageguitars.fr\/en\/wp-json\/wp\/v2\/media?parent=15928"}],"wp:term":[{"taxonomy":"product_brand","embeddable":true,"href":"https:\/\/vintageguitars.fr\/en\/wp-json\/wp\/v2\/product_brand?post=15928"},{"taxonomy":"product_cat","embeddable":true,"href":"https:\/\/vintageguitars.fr\/en\/wp-json\/wp\/v2\/product_cat?post=15928"},{"taxonomy":"product_tag","embeddable":true,"href":"https:\/\/vintageguitars.fr\/en\/wp-json\/wp\/v2\/product_tag?post=15928"}],"curies":[{"name":"wp","href":"https:\/\/api.w.org\/{rel}","templated":true}]}}