{"id":15186,"date":"2021-01-10T08:20:39","date_gmt":"2021-01-10T07:20:39","guid":{"rendered":"https:\/\/vintageguitars.fr\/en\/product\/lag-imperator-i300-bdn\/"},"modified":"2021-01-30T15:01:57","modified_gmt":"2021-01-30T14:01:57","slug":"lag-imperator-i300-bdn","status":"publish","type":"product","link":"https:\/\/vintageguitars.fr\/en\/produit\/lag-imperator-i300-bdn\/","title":{"rendered":"Lag Imperator I3000-bdn"},"content":{"rendered":"<p>Construite \u00e0 B\u00e9darieux par Lag cette guitare n&#8217;a rien \u00e0 voir avec le reste de la production import\u00e9e d&#8217;Asie. Contr\u00f4l\u00e9e et certifi\u00e9e conforme par Michel L\u00e2g Chavarria.<\/p>\n<p>Elle est \u00e9quip\u00e9e de 2 micros Dimarzio, d&#8217;un accastillage chrom\u00e9 de qualit\u00e9, strap locks etc&#8230;Superbe table en \u00e9rable pommel\u00e9, teint\u00e9e bleu de N\u00eemes.<\/p>\n<p>Manche tr\u00e8s agr\u00e9able abec 43mm au sillet, tr\u00e8s proche des 42,8mm chers \u00e0 Gibson.<\/p>\n<p>A mon sens une excellent alternative si votre budget est de 1500 et que vous lorgnez du c\u00f4t\u00e9 des Gibson dont la qualit\u00e9 \u00e0 prix \u00e9quivalent risque d&#8217;\u00eatre bien en de\u00e7\u00e0.<\/p>\n<p>En \u00e9tui rigide original.<\/p>\n<p>&nbsp;<\/p>\n","protected":false},"excerpt":{"rendered":"<p>Construite \u00e0 B\u00e9darieux par Lag cette guitare n&#8217;a rien \u00e0 voir avec le reste de la production import\u00e9e d&#8217;Asie. Contr\u00f4l\u00e9e et certifi\u00e9e conforme par Michel L\u00e2g Chavarria. Elle est \u00e9quip\u00e9e de 2 micros Dimarzio, d&#8217;un accastillage chrom\u00e9 de qualit\u00e9, strap locks etc&#8230;Superbe table en \u00e9rable pommel\u00e9, teint\u00e9e bleu de N\u00eemes. Manche tr\u00e8s agr\u00e9able abec 43mm [&hellip;]<\/p>\n","protected":false},"featured_media":15225,"template":"","meta":{"_acf_changed":false},"product_brand":[],"product_cat":[17,8,30],"product_tag":[],"class_list":{"0":"post-15186","1":"product","2":"type-product","3":"status-publish","4":"has-post-thumbnail","6":"product_cat-contemporary","7":"product_cat-guitars","8":"product_cat-sold","10":"first","11":"instock","12":"shipping-taxable","13":"purchasable","14":"product-type-simple"},"acf":[],"_links":{"self":[{"href":"https:\/\/vintageguitars.fr\/en\/wp-json\/wp\/v2\/product\/15186","targetHints":{"allow":["GET"]}}],"collection":[{"href":"https:\/\/vintageguitars.fr\/en\/wp-json\/wp\/v2\/product"}],"about":[{"href":"https:\/\/vintageguitars.fr\/en\/wp-json\/wp\/v2\/types\/product"}],"wp:featuredmedia":[{"embeddable":true,"href":"https:\/\/vintageguitars.fr\/en\/wp-json\/wp\/v2\/media\/15225"}],"wp:attachment":[{"href":"https:\/\/vintageguitars.fr\/en\/wp-json\/wp\/v2\/media?parent=15186"}],"wp:term":[{"taxonomy":"product_brand","embeddable":true,"href":"https:\/\/vintageguitars.fr\/en\/wp-json\/wp\/v2\/product_brand?post=15186"},{"taxonomy":"product_cat","embeddable":true,"href":"https:\/\/vintageguitars.fr\/en\/wp-json\/wp\/v2\/product_cat?post=15186"},{"taxonomy":"product_tag","embeddable":true,"href":"https:\/\/vintageguitars.fr\/en\/wp-json\/wp\/v2\/product_tag?post=15186"}],"curies":[{"name":"wp","href":"https:\/\/api.w.org\/{rel}","templated":true}]}}