{"id":15017,"date":"2020-12-06T09:08:00","date_gmt":"2020-12-06T08:08:00","guid":{"rendered":"https:\/\/vintageguitars.fr\/en\/product\/fender-jazzmaster-9\/"},"modified":"2021-01-30T14:58:31","modified_gmt":"2021-01-30T13:58:31","slug":"fender-jazzmaster-9","status":"publish","type":"product","link":"https:\/\/vintageguitars.fr\/en\/produit\/fender-jazzmaster-9\/","title":{"rendered":"Fender Jazzmaster"},"content":{"rendered":"<p>Le vernis sunburst a pris pas mal de coups, une usure l\u00e9gitime puisque ce fut une guitare de musicien professionnel. Electronique intacte et originale. De nouvelles mousses ont \u00e9t\u00e9 install\u00e9es sous les micros pour faciliter le r\u00e9glage de ceux-ci. \u00a0La guitare est un pur r\u00e9gal \u00e0 jouer. Elle est fournie avec un mastery bridge, si la justesse et la stabilit\u00e9 sont une pr\u00e9occupation pour vous, c&#8217;est un accessoire qui a son importance. Elle a eu d&#8217;autres m\u00e9caniques mais les originales ont \u00e9t\u00e9 remises en place depuis, les petits trous ont \u00e9t\u00e9 rebouch\u00e9s proprement comme vous pouvez le voir. Elle est fournie en \u00e9tui rigide original.<\/p>\n","protected":false},"excerpt":{"rendered":"<p>Le vernis sunburst a pris pas mal de coups, une usure l\u00e9gitime puisque ce fut une guitare de musicien professionnel. Electronique intacte et originale. De nouvelles mousses ont \u00e9t\u00e9 install\u00e9es sous les micros pour faciliter le r\u00e9glage de ceux-ci. \u00a0La guitare est un pur r\u00e9gal \u00e0 jouer. Elle est fournie avec un mastery bridge, si [&hellip;]<\/p>\n","protected":false},"featured_media":14984,"template":"","meta":{"_acf_changed":false},"product_brand":[],"product_cat":[18,8,30],"product_tag":[],"class_list":{"0":"post-15017","1":"product","2":"type-product","3":"status-publish","4":"has-post-thumbnail","6":"product_cat-electric","7":"product_cat-guitars","8":"product_cat-sold","10":"first","11":"instock","12":"shipping-taxable","13":"purchasable","14":"product-type-simple"},"acf":[],"_links":{"self":[{"href":"https:\/\/vintageguitars.fr\/en\/wp-json\/wp\/v2\/product\/15017","targetHints":{"allow":["GET"]}}],"collection":[{"href":"https:\/\/vintageguitars.fr\/en\/wp-json\/wp\/v2\/product"}],"about":[{"href":"https:\/\/vintageguitars.fr\/en\/wp-json\/wp\/v2\/types\/product"}],"wp:featuredmedia":[{"embeddable":true,"href":"https:\/\/vintageguitars.fr\/en\/wp-json\/wp\/v2\/media\/14984"}],"wp:attachment":[{"href":"https:\/\/vintageguitars.fr\/en\/wp-json\/wp\/v2\/media?parent=15017"}],"wp:term":[{"taxonomy":"product_brand","embeddable":true,"href":"https:\/\/vintageguitars.fr\/en\/wp-json\/wp\/v2\/product_brand?post=15017"},{"taxonomy":"product_cat","embeddable":true,"href":"https:\/\/vintageguitars.fr\/en\/wp-json\/wp\/v2\/product_cat?post=15017"},{"taxonomy":"product_tag","embeddable":true,"href":"https:\/\/vintageguitars.fr\/en\/wp-json\/wp\/v2\/product_tag?post=15017"}],"curies":[{"name":"wp","href":"https:\/\/api.w.org\/{rel}","templated":true}]}}