{"id":14743,"date":"2020-11-28T11:39:53","date_gmt":"2020-11-28T10:39:53","guid":{"rendered":"https:\/\/vintageguitars.fr\/en\/product\/gibson-citation\/"},"modified":"2021-01-30T14:59:27","modified_gmt":"2021-01-30T13:59:27","slug":"gibson-citation","status":"publish","type":"product","link":"https:\/\/vintageguitars.fr\/en\/produit\/gibson-citation\/","title":{"rendered":"Gibson Citation"},"content":{"rendered":"<p>Guitare la plus haut de gamme que Gibson ait jamais construite, la Citation n&#8217;\u00e9tait disponible que sur commande sp\u00e9ciale. Ce mod\u00e8le est un instrument aux finitions somptueuses mais \u00e9galement un des touts meilleurs instrument de sa cat\u00e9gorie. Pas grand chose qui puisse rivaliser avec cela. Elle est con\u00e7ue comme une guitare acoustique avec une table barr\u00e9e en X, aucune d\u00e9fonce pour le micro qui est simplement pos\u00e9 en bout de touche. Elle sonne divinement bien. Le manche est une vraie autoroute. Les essences sont somptueuses. Il n&#8217;y a rien \u00e0 redire.<\/p>\n","protected":false},"excerpt":{"rendered":"<p>Guitare la plus haut de gamme que Gibson ait jamais construite, la Citation n&#8217;\u00e9tait disponible que sur commande sp\u00e9ciale. Ce mod\u00e8le est un instrument aux finitions somptueuses mais \u00e9galement un des touts meilleurs instrument de sa cat\u00e9gorie. Pas grand chose qui puisse rivaliser avec cela. Elle est con\u00e7ue comme une guitare acoustique avec une table [&hellip;]<\/p>\n","protected":false},"featured_media":14694,"template":"","meta":{"_acf_changed":false},"product_brand":[],"product_cat":[18,8,30],"product_tag":[],"class_list":{"0":"post-14743","1":"product","2":"type-product","3":"status-publish","4":"has-post-thumbnail","6":"product_cat-electric","7":"product_cat-guitars","8":"product_cat-sold","10":"first","11":"instock","12":"shipping-taxable","13":"purchasable","14":"product-type-simple"},"acf":[],"_links":{"self":[{"href":"https:\/\/vintageguitars.fr\/en\/wp-json\/wp\/v2\/product\/14743","targetHints":{"allow":["GET"]}}],"collection":[{"href":"https:\/\/vintageguitars.fr\/en\/wp-json\/wp\/v2\/product"}],"about":[{"href":"https:\/\/vintageguitars.fr\/en\/wp-json\/wp\/v2\/types\/product"}],"wp:featuredmedia":[{"embeddable":true,"href":"https:\/\/vintageguitars.fr\/en\/wp-json\/wp\/v2\/media\/14694"}],"wp:attachment":[{"href":"https:\/\/vintageguitars.fr\/en\/wp-json\/wp\/v2\/media?parent=14743"}],"wp:term":[{"taxonomy":"product_brand","embeddable":true,"href":"https:\/\/vintageguitars.fr\/en\/wp-json\/wp\/v2\/product_brand?post=14743"},{"taxonomy":"product_cat","embeddable":true,"href":"https:\/\/vintageguitars.fr\/en\/wp-json\/wp\/v2\/product_cat?post=14743"},{"taxonomy":"product_tag","embeddable":true,"href":"https:\/\/vintageguitars.fr\/en\/wp-json\/wp\/v2\/product_tag?post=14743"}],"curies":[{"name":"wp","href":"https:\/\/api.w.org\/{rel}","templated":true}]}}