{"id":14605,"date":"2020-11-21T16:38:08","date_gmt":"2020-11-21T15:38:08","guid":{"rendered":"https:\/\/vintageguitars.fr\/en\/product\/gibson-es-175n\/"},"modified":"2021-10-01T12:58:19","modified_gmt":"2021-10-01T10:58:19","slug":"gibson-es-175n","status":"publish","type":"product","link":"https:\/\/vintageguitars.fr\/en\/produit\/gibson-es-175n\/","title":{"rendered":"Gibson ES-175N"},"content":{"rendered":"<p>Belle archtop du d\u00e9but des ann\u00e9es 50 dans une finition naturelle rare et d\u00e9sir\u00e9e. Et oui aucun d\u00e9faut ne peut \u00eatre masqu\u00e9 par le sunburst. Cette guitare que j&#8217;ai ramen\u00e9 des Etats-Unis moi-m\u00eame il y a quelques ann\u00e9es est en excellent \u00e9tat. Sans r\u00e9parations. Elle joue parfaitement. Le manche 50s est charnu mais tr\u00e8s accessible. D&#8217;autres m\u00e9caniques ont \u00e9t\u00e9 install\u00e9es puis retir\u00e9es.<\/p>\n<p>En \u00e9tui rigide original lui aussi en excellent \u00e9tat.<\/p>\n<p>Prix 6900 euros<\/p>\n","protected":false},"excerpt":{"rendered":"<p>Belle archtop du d\u00e9but des ann\u00e9es 50 dans une finition naturelle rare et d\u00e9sir\u00e9e. Et oui aucun d\u00e9faut ne peut \u00eatre masqu\u00e9 par le sunburst. Cette guitare que j&#8217;ai ramen\u00e9 des Etats-Unis moi-m\u00eame il y a quelques ann\u00e9es est en excellent \u00e9tat. Sans r\u00e9parations. Elle joue parfaitement. Le manche 50s est charnu mais tr\u00e8s accessible. [&hellip;]<\/p>\n","protected":false},"featured_media":14582,"template":"","meta":{"_acf_changed":false},"product_brand":[],"product_cat":[18,8,30],"product_tag":[],"class_list":{"0":"post-14605","1":"product","2":"type-product","3":"status-publish","4":"has-post-thumbnail","6":"product_cat-electric","7":"product_cat-guitars","8":"product_cat-sold","10":"first","11":"instock","12":"shipping-taxable","13":"product-type-simple"},"acf":[],"_links":{"self":[{"href":"https:\/\/vintageguitars.fr\/en\/wp-json\/wp\/v2\/product\/14605","targetHints":{"allow":["GET"]}}],"collection":[{"href":"https:\/\/vintageguitars.fr\/en\/wp-json\/wp\/v2\/product"}],"about":[{"href":"https:\/\/vintageguitars.fr\/en\/wp-json\/wp\/v2\/types\/product"}],"wp:featuredmedia":[{"embeddable":true,"href":"https:\/\/vintageguitars.fr\/en\/wp-json\/wp\/v2\/media\/14582"}],"wp:attachment":[{"href":"https:\/\/vintageguitars.fr\/en\/wp-json\/wp\/v2\/media?parent=14605"}],"wp:term":[{"taxonomy":"product_brand","embeddable":true,"href":"https:\/\/vintageguitars.fr\/en\/wp-json\/wp\/v2\/product_brand?post=14605"},{"taxonomy":"product_cat","embeddable":true,"href":"https:\/\/vintageguitars.fr\/en\/wp-json\/wp\/v2\/product_cat?post=14605"},{"taxonomy":"product_tag","embeddable":true,"href":"https:\/\/vintageguitars.fr\/en\/wp-json\/wp\/v2\/product_tag?post=14605"}],"curies":[{"name":"wp","href":"https:\/\/api.w.org\/{rel}","templated":true}]}}