{"id":14522,"date":"2020-11-21T16:00:08","date_gmt":"2020-11-21T15:00:08","guid":{"rendered":"https:\/\/vintageguitars.fr\/en\/product\/gibson-es-335\/"},"modified":"2020-11-25T10:23:14","modified_gmt":"2020-11-25T09:23:14","slug":"gibson-es-335","status":"publish","type":"product","link":"https:\/\/vintageguitars.fr\/en\/produit\/gibson-es-335\/","title":{"rendered":"Gibson ES-335 TDC"},"content":{"rendered":"<p>Descriptif complet \u00e0 venir. En attendant vous pouvez \u00e9crire par mail \u00e0 contact@vintageguitars.fr ou appeler au 06 64 18 69 40 pour plus d\u2019informations.<\/p>\n<div><\/div>\n","protected":false},"excerpt":{"rendered":"<p>Descriptif complet \u00e0 venir. En attendant vous pouvez \u00e9crire par mail \u00e0 contact@vintageguitars.fr ou appeler au 06 64 18 69 40 pour plus d\u2019informations.<\/p>\n","protected":false},"featured_media":14515,"template":"","meta":{"_acf_changed":false},"product_brand":[],"product_cat":[18,8,30],"product_tag":[],"class_list":{"0":"post-14522","1":"product","2":"type-product","3":"status-publish","4":"has-post-thumbnail","6":"product_cat-electric","7":"product_cat-guitars","8":"product_cat-sold","10":"first","11":"instock","12":"shipping-taxable","13":"product-type-simple"},"acf":[],"_links":{"self":[{"href":"https:\/\/vintageguitars.fr\/en\/wp-json\/wp\/v2\/product\/14522","targetHints":{"allow":["GET"]}}],"collection":[{"href":"https:\/\/vintageguitars.fr\/en\/wp-json\/wp\/v2\/product"}],"about":[{"href":"https:\/\/vintageguitars.fr\/en\/wp-json\/wp\/v2\/types\/product"}],"wp:featuredmedia":[{"embeddable":true,"href":"https:\/\/vintageguitars.fr\/en\/wp-json\/wp\/v2\/media\/14515"}],"wp:attachment":[{"href":"https:\/\/vintageguitars.fr\/en\/wp-json\/wp\/v2\/media?parent=14522"}],"wp:term":[{"taxonomy":"product_brand","embeddable":true,"href":"https:\/\/vintageguitars.fr\/en\/wp-json\/wp\/v2\/product_brand?post=14522"},{"taxonomy":"product_cat","embeddable":true,"href":"https:\/\/vintageguitars.fr\/en\/wp-json\/wp\/v2\/product_cat?post=14522"},{"taxonomy":"product_tag","embeddable":true,"href":"https:\/\/vintageguitars.fr\/en\/wp-json\/wp\/v2\/product_tag?post=14522"}],"curies":[{"name":"wp","href":"https:\/\/api.w.org\/{rel}","templated":true}]}}