{"id":14282,"date":"2020-10-19T16:42:57","date_gmt":"2020-10-19T14:42:57","guid":{"rendered":"https:\/\/vintageguitars.fr\/en\/product\/gibson-es-335-tdc-2\/"},"modified":"2020-11-12T13:55:34","modified_gmt":"2020-11-12T12:55:34","slug":"gibson-es-335-tdc-2","status":"publish","type":"product","link":"https:\/\/vintageguitars.fr\/en\/produit\/gibson-es-335-tdc-2\/","title":{"rendered":"Gibson ES-335 TDC"},"content":{"rendered":"<p><strong>R\u00e9serv\u00e9e<\/strong><\/p>\n<p>Premi\u00e8re ann\u00e9e disponible pour la finition cherry. Seulement 21 exemplaires sortirent de l&#8217;usine de Kalamazoo en 1960. Celui-ci est en excellent \u00e9tat. Sans casse ou r\u00e9paration. 2 Pafs fabuleux. Un manche absolument terrible, bien large avec 42,8mm au sillet bien s\u00fbr et assez plat. Les frettes sont originales et ont encore un bon niveau. Accastillage original: stop d&#8217;origine, ABR-1, pickguard, plastiques des micros, boutons, m\u00e9caniques Kluson single line ( une reboutonn\u00e9e \u00e0 l&#8217;identique car ils peuvent se contracter et se d\u00e9sagr\u00e9ger c&#8217;est assez fr\u00e9quent) \u00a0. On notera qu&#8217;un Bigsby a \u00e9t\u00e9 install\u00e9 puis retir\u00e9, les deux petits trous rebouch\u00e9s sur la table se fondent d&#8217;ailleurs tr\u00e8s bien dans le dessin de l&#8217;\u00e9rable mouchet\u00e9 et il faut vraiment avoir le nez dessus pour les voir. Etui rigide Lifton original.<\/p>\n","protected":false},"excerpt":{"rendered":"<p>R\u00e9serv\u00e9e Premi\u00e8re ann\u00e9e disponible pour la finition cherry. Seulement 21 exemplaires sortirent de l&#8217;usine de Kalamazoo en 1960. Celui-ci est en excellent \u00e9tat. Sans casse ou r\u00e9paration. 2 Pafs fabuleux. Un manche absolument terrible, bien large avec 42,8mm au sillet bien s\u00fbr et assez plat. Les frettes sont originales et ont encore un bon niveau. [&hellip;]<\/p>\n","protected":false},"featured_media":14231,"template":"","meta":{"_acf_changed":false},"product_brand":[],"product_cat":[18,8,30],"product_tag":[],"class_list":{"0":"post-14282","1":"product","2":"type-product","3":"status-publish","4":"has-post-thumbnail","6":"product_cat-electric","7":"product_cat-guitars","8":"product_cat-sold","10":"first","11":"instock","12":"shipping-taxable","13":"product-type-simple"},"acf":[],"_links":{"self":[{"href":"https:\/\/vintageguitars.fr\/en\/wp-json\/wp\/v2\/product\/14282","targetHints":{"allow":["GET"]}}],"collection":[{"href":"https:\/\/vintageguitars.fr\/en\/wp-json\/wp\/v2\/product"}],"about":[{"href":"https:\/\/vintageguitars.fr\/en\/wp-json\/wp\/v2\/types\/product"}],"wp:featuredmedia":[{"embeddable":true,"href":"https:\/\/vintageguitars.fr\/en\/wp-json\/wp\/v2\/media\/14231"}],"wp:attachment":[{"href":"https:\/\/vintageguitars.fr\/en\/wp-json\/wp\/v2\/media?parent=14282"}],"wp:term":[{"taxonomy":"product_brand","embeddable":true,"href":"https:\/\/vintageguitars.fr\/en\/wp-json\/wp\/v2\/product_brand?post=14282"},{"taxonomy":"product_cat","embeddable":true,"href":"https:\/\/vintageguitars.fr\/en\/wp-json\/wp\/v2\/product_cat?post=14282"},{"taxonomy":"product_tag","embeddable":true,"href":"https:\/\/vintageguitars.fr\/en\/wp-json\/wp\/v2\/product_tag?post=14282"}],"curies":[{"name":"wp","href":"https:\/\/api.w.org\/{rel}","templated":true}]}}