{"id":13930,"date":"2020-10-13T16:45:15","date_gmt":"2020-10-13T14:45:15","guid":{"rendered":"https:\/\/vintageguitars.fr\/en\/product\/gibson-hummingbird-2\/"},"modified":"2020-11-21T08:33:07","modified_gmt":"2020-11-21T07:33:07","slug":"gibson-hummingbird-2","status":"publish","type":"product","link":"https:\/\/vintageguitars.fr\/en\/produit\/gibson-hummingbird-2\/","title":{"rendered":"Gibson Hummingbird"},"content":{"rendered":"<p><strong>R\u00e9serv\u00e9e<\/strong><\/p>\n<p>&nbsp;<\/p>\n<p>Instrument en parfait \u00e9tat.<\/p>\n<p>Cette hummingbird est une tuerie. Construite avec un manche large de 42,8mm au sillet, elle r\u00e9sonne et projette tr\u00e8s bien, un son complexe et bien charpent\u00e9. C&#8217;est exactement le genre d&#8217;instrument que j&#8217;aimerais faire essayer pour r\u00e9pondre \u00e0 cette question que j&#8217;entends toutes les semaines: \u00a0&#8220;Mais est-ce que les vintages sont vraiment mieux ?&#8221; \u00a0Un accord plus tard tu as compris, c&#8217;est vite vu.\u00a0L&#8217;instrument non seulement sonne du feu de Dieu mais il est aussi en \u00e9tat remarquable, sans fente ou r\u00e9paration. La seule modification est la pose d&#8217;un micro qui sort par l&#8217;attache courroie. Op\u00e9ration impeccable r\u00e9alis\u00e9e par un luthier certainement.\u00a0Quelques marques de jeu mais rien d&#8217;anormal.\u00a0Fournie en \u00e9tui Gibson fin 60s\/d\u00e9but 70s.<\/p>\n<p>Trouver une belle Hummingbird en bon \u00e9tat n&#8217;est pas chose ais\u00e9e. Une pr\u00e9 65, avec manche large, dans cet \u00e9tat, encore moins. Ne la ratez pas, la derni\u00e8re c&#8217;\u00e9tait il y a quelques ann\u00e9es&#8230;<\/p>\n","protected":false},"excerpt":{"rendered":"<p>R\u00e9serv\u00e9e &nbsp; Instrument en parfait \u00e9tat. Cette hummingbird est une tuerie. Construite avec un manche large de 42,8mm au sillet, elle r\u00e9sonne et projette tr\u00e8s bien, un son complexe et bien charpent\u00e9. C&#8217;est exactement le genre d&#8217;instrument que j&#8217;aimerais faire essayer pour r\u00e9pondre \u00e0 cette question que j&#8217;entends toutes les semaines: \u00a0&#8220;Mais est-ce que les [&hellip;]<\/p>\n","protected":false},"featured_media":13938,"template":"","meta":{"_acf_changed":false},"product_brand":[],"product_cat":[15,8,30],"product_tag":[],"class_list":{"0":"post-13930","1":"product","2":"type-product","3":"status-publish","4":"has-post-thumbnail","6":"product_cat-accoustic","7":"product_cat-guitars","8":"product_cat-sold","10":"first","11":"instock","12":"shipping-taxable","13":"product-type-simple"},"acf":[],"_links":{"self":[{"href":"https:\/\/vintageguitars.fr\/en\/wp-json\/wp\/v2\/product\/13930","targetHints":{"allow":["GET"]}}],"collection":[{"href":"https:\/\/vintageguitars.fr\/en\/wp-json\/wp\/v2\/product"}],"about":[{"href":"https:\/\/vintageguitars.fr\/en\/wp-json\/wp\/v2\/types\/product"}],"wp:featuredmedia":[{"embeddable":true,"href":"https:\/\/vintageguitars.fr\/en\/wp-json\/wp\/v2\/media\/13938"}],"wp:attachment":[{"href":"https:\/\/vintageguitars.fr\/en\/wp-json\/wp\/v2\/media?parent=13930"}],"wp:term":[{"taxonomy":"product_brand","embeddable":true,"href":"https:\/\/vintageguitars.fr\/en\/wp-json\/wp\/v2\/product_brand?post=13930"},{"taxonomy":"product_cat","embeddable":true,"href":"https:\/\/vintageguitars.fr\/en\/wp-json\/wp\/v2\/product_cat?post=13930"},{"taxonomy":"product_tag","embeddable":true,"href":"https:\/\/vintageguitars.fr\/en\/wp-json\/wp\/v2\/product_tag?post=13930"}],"curies":[{"name":"wp","href":"https:\/\/api.w.org\/{rel}","templated":true}]}}