{"id":13926,"date":"2020-10-10T14:54:27","date_gmt":"2020-10-10T12:54:27","guid":{"rendered":"https:\/\/vintageguitars.fr\/en\/product\/nacho-myrna\/"},"modified":"2020-10-12T12:50:29","modified_gmt":"2020-10-12T10:50:29","slug":"nacho-myrna","status":"publish","type":"product","link":"https:\/\/vintageguitars.fr\/en\/produit\/nacho-myrna\/","title":{"rendered":"Nacho Myrna"},"content":{"rendered":"<p>S&#8217;il y a bien quelqu&#8217;un aujourd&#8217;hui qui conna\u00eet sur le bout des doigts les Telecaster des ann\u00e9es 50 c&#8217;est bien Nacho Banos. Auteur de l&#8217;incontournable livre &#8221; The Blackguard&#8221; qui leur est justement d\u00e9di\u00e9, Nacho construit aussi des r\u00e9pliques. Et il ne le fait pas \u00e0 moiti\u00e9. Le look, le feeling, le son. On peut dire qu&#8217;il a vraiment pouss\u00e9 le concept jusqu&#8217;au bout. C&#8217;est assez bluffant. Cette guitare porte le joli nom de Myrna. Elle est l\u00e9g\u00e8re et ne p\u00e8se que 3,23 kg. Elle est facile \u00e0 jouer et tr\u00e8s confortable. C&#8217;est un bon moyen de se rapprocher de l&#8217;exp\u00e9rience que peut \u00eatre de jouer une vraie blackguard, sans \u00eatre du m\u00eame niveau bien s\u00fbr, mais \u00e0 mon sens largement au dessus de n&#8217;importe quelle custom shop.<\/p>\n<p>Nacho poss\u00e8de une longue liste d&#8217;attente. Celle-ci est dispo maintenant.<\/p>\n<p>Fournie avec certificats et \u00e9tui rigide d&#8217;origine.<\/p>\n","protected":false},"excerpt":{"rendered":"<p>S&#8217;il y a bien quelqu&#8217;un aujourd&#8217;hui qui conna\u00eet sur le bout des doigts les Telecaster des ann\u00e9es 50 c&#8217;est bien Nacho Banos. Auteur de l&#8217;incontournable livre &#8221; The Blackguard&#8221; qui leur est justement d\u00e9di\u00e9, Nacho construit aussi des r\u00e9pliques. Et il ne le fait pas \u00e0 moiti\u00e9. Le look, le feeling, le son. On peut [&hellip;]<\/p>\n","protected":false},"featured_media":13922,"template":"","meta":{"_acf_changed":false},"product_brand":[],"product_cat":[17,18,8,30],"product_tag":[],"class_list":{"0":"post-13926","1":"product","2":"type-product","3":"status-publish","4":"has-post-thumbnail","6":"product_cat-contemporary","7":"product_cat-electric","8":"product_cat-guitars","9":"product_cat-sold","11":"first","12":"instock","13":"shipping-taxable","14":"purchasable","15":"product-type-simple"},"acf":[],"_links":{"self":[{"href":"https:\/\/vintageguitars.fr\/en\/wp-json\/wp\/v2\/product\/13926","targetHints":{"allow":["GET"]}}],"collection":[{"href":"https:\/\/vintageguitars.fr\/en\/wp-json\/wp\/v2\/product"}],"about":[{"href":"https:\/\/vintageguitars.fr\/en\/wp-json\/wp\/v2\/types\/product"}],"wp:featuredmedia":[{"embeddable":true,"href":"https:\/\/vintageguitars.fr\/en\/wp-json\/wp\/v2\/media\/13922"}],"wp:attachment":[{"href":"https:\/\/vintageguitars.fr\/en\/wp-json\/wp\/v2\/media?parent=13926"}],"wp:term":[{"taxonomy":"product_brand","embeddable":true,"href":"https:\/\/vintageguitars.fr\/en\/wp-json\/wp\/v2\/product_brand?post=13926"},{"taxonomy":"product_cat","embeddable":true,"href":"https:\/\/vintageguitars.fr\/en\/wp-json\/wp\/v2\/product_cat?post=13926"},{"taxonomy":"product_tag","embeddable":true,"href":"https:\/\/vintageguitars.fr\/en\/wp-json\/wp\/v2\/product_tag?post=13926"}],"curies":[{"name":"wp","href":"https:\/\/api.w.org\/{rel}","templated":true}]}}