{"id":13874,"date":"2020-10-10T14:20:59","date_gmt":"2020-10-10T12:20:59","guid":{"rendered":"https:\/\/vintageguitars.fr\/en\/product\/burns-split-sonic\/"},"modified":"2021-12-17T11:47:44","modified_gmt":"2021-12-17T10:47:44","slug":"burns-split-sonic","status":"publish","type":"product","link":"https:\/\/vintageguitars.fr\/en\/produit\/burns-split-sonic\/","title":{"rendered":"Burns Split Sonic"},"content":{"rendered":"<p>Guitare anglaise fabriqu\u00e9e en 1964. La production de cette instrument fut assez br\u00e8ve car elle s&#8217;\u00e9tala seulement de 1962 \u00e0 1964. Cet instrument en particulier est en tr\u00e8s bon \u00e9tat. Le manche est droit, les frettes d&#8217;un bon niveau et l&#8217;\u00e9lectronique fonctionne tr\u00e8s bien. Tr\u00e8s bon micros, vraiment originaux puisque vous avez deux bobines par micros. Une c\u00f4t\u00e9 grave, une c\u00f4t\u00e9 aigu. Vous pouvez jouer selon un sch\u00e9ma de position classique, wild dog correspond au hors phase et enfin le split-sonic combine les demi-bobines de diff\u00e9rents micros. Un son tr\u00e8s British, 60s \u00e0 souhait.<\/p>\n<p>En \u00e9tui rigide rectangulaire. Il a servi et il a \u00e9t\u00e9 peint mais rempli toujours sa fonction.<\/p>\n<p>Prix 1900 euros<\/p>\n","protected":false},"excerpt":{"rendered":"<p>Guitare anglaise fabriqu\u00e9e en 1964. La production de cette instrument fut assez br\u00e8ve car elle s&#8217;\u00e9tala seulement de 1962 \u00e0 1964. Cet instrument en particulier est en tr\u00e8s bon \u00e9tat. Le manche est droit, les frettes d&#8217;un bon niveau et l&#8217;\u00e9lectronique fonctionne tr\u00e8s bien. Tr\u00e8s bon micros, vraiment originaux puisque vous avez deux bobines par [&hellip;]<\/p>\n","protected":false},"featured_media":13855,"template":"","meta":{"_acf_changed":false},"product_brand":[],"product_cat":[18,8,30],"product_tag":[],"class_list":{"0":"post-13874","1":"product","2":"type-product","3":"status-publish","4":"has-post-thumbnail","6":"product_cat-electric","7":"product_cat-guitars","8":"product_cat-sold","10":"first","11":"instock","12":"shipping-taxable","13":"product-type-simple"},"acf":[],"_links":{"self":[{"href":"https:\/\/vintageguitars.fr\/en\/wp-json\/wp\/v2\/product\/13874","targetHints":{"allow":["GET"]}}],"collection":[{"href":"https:\/\/vintageguitars.fr\/en\/wp-json\/wp\/v2\/product"}],"about":[{"href":"https:\/\/vintageguitars.fr\/en\/wp-json\/wp\/v2\/types\/product"}],"wp:featuredmedia":[{"embeddable":true,"href":"https:\/\/vintageguitars.fr\/en\/wp-json\/wp\/v2\/media\/13855"}],"wp:attachment":[{"href":"https:\/\/vintageguitars.fr\/en\/wp-json\/wp\/v2\/media?parent=13874"}],"wp:term":[{"taxonomy":"product_brand","embeddable":true,"href":"https:\/\/vintageguitars.fr\/en\/wp-json\/wp\/v2\/product_brand?post=13874"},{"taxonomy":"product_cat","embeddable":true,"href":"https:\/\/vintageguitars.fr\/en\/wp-json\/wp\/v2\/product_cat?post=13874"},{"taxonomy":"product_tag","embeddable":true,"href":"https:\/\/vintageguitars.fr\/en\/wp-json\/wp\/v2\/product_tag?post=13874"}],"curies":[{"name":"wp","href":"https:\/\/api.w.org\/{rel}","templated":true}]}}