{"id":13680,"date":"2020-09-03T09:56:12","date_gmt":"2020-09-03T07:56:12","guid":{"rendered":"https:\/\/vintageguitars.fr\/en\/product\/national-tricone\/"},"modified":"2020-12-20T07:54:54","modified_gmt":"2020-12-20T06:54:54","slug":"national-tricone","status":"publish","type":"product","link":"https:\/\/vintageguitars.fr\/en\/produit\/national-tricone\/","title":{"rendered":"National Tricone"},"content":{"rendered":"<p><strong>R\u00e9serv\u00e9e<\/strong>.<\/p>\n<p>Vous connaissez ma passion pour les instruments slides. Vous imaginez donc mon excitation face \u00e0 cet instrument. Depuis maintenant toutes ces ann\u00e9es c&#8217;est bien la premi\u00e8re fois que je peux vous proposer un tricone original \u00e0 manche rond ! Il sonne de la mort, il est tr\u00e8s jouable et en bon \u00e9tat g\u00e9n\u00e9ral. Vous remarquerez que l&#8217;instrument a pris quelques pocs de-ci de-l\u00e0 ou que le talon a \u00e9t\u00e9 rebouch\u00e9 avec deux petits morceaux d&#8217;acajou. Tout cela est bien entendu pris en compte dans le prix ( on les trouve plut\u00f4t autour de 7-8000 ce \u00e0 quoi il faut ajouter les taxes quand ils sont aux US&#8230;) Il est vendu avec son \u00e9tui rigide original, qui a connu de meilleurs jours certes, mais qui est toujours l\u00e0.<\/p>\n","protected":false},"excerpt":{"rendered":"<p>R\u00e9serv\u00e9e. Vous connaissez ma passion pour les instruments slides. Vous imaginez donc mon excitation face \u00e0 cet instrument. Depuis maintenant toutes ces ann\u00e9es c&#8217;est bien la premi\u00e8re fois que je peux vous proposer un tricone original \u00e0 manche rond ! Il sonne de la mort, il est tr\u00e8s jouable et en bon \u00e9tat g\u00e9n\u00e9ral. Vous [&hellip;]<\/p>\n","protected":false},"featured_media":13655,"template":"","meta":{"_acf_changed":false},"product_brand":[],"product_cat":[15,8,14,30],"product_tag":[],"class_list":{"0":"post-13680","1":"product","2":"type-product","3":"status-publish","4":"has-post-thumbnail","6":"product_cat-accoustic","7":"product_cat-guitars","8":"product_cat-other","9":"product_cat-sold","11":"first","12":"instock","13":"shipping-taxable","14":"product-type-simple"},"acf":[],"_links":{"self":[{"href":"https:\/\/vintageguitars.fr\/en\/wp-json\/wp\/v2\/product\/13680","targetHints":{"allow":["GET"]}}],"collection":[{"href":"https:\/\/vintageguitars.fr\/en\/wp-json\/wp\/v2\/product"}],"about":[{"href":"https:\/\/vintageguitars.fr\/en\/wp-json\/wp\/v2\/types\/product"}],"wp:featuredmedia":[{"embeddable":true,"href":"https:\/\/vintageguitars.fr\/en\/wp-json\/wp\/v2\/media\/13655"}],"wp:attachment":[{"href":"https:\/\/vintageguitars.fr\/en\/wp-json\/wp\/v2\/media?parent=13680"}],"wp:term":[{"taxonomy":"product_brand","embeddable":true,"href":"https:\/\/vintageguitars.fr\/en\/wp-json\/wp\/v2\/product_brand?post=13680"},{"taxonomy":"product_cat","embeddable":true,"href":"https:\/\/vintageguitars.fr\/en\/wp-json\/wp\/v2\/product_cat?post=13680"},{"taxonomy":"product_tag","embeddable":true,"href":"https:\/\/vintageguitars.fr\/en\/wp-json\/wp\/v2\/product_tag?post=13680"}],"curies":[{"name":"wp","href":"https:\/\/api.w.org\/{rel}","templated":true}]}}