{"id":13558,"date":"2020-06-09T16:04:52","date_gmt":"2020-06-09T14:04:52","guid":{"rendered":"https:\/\/vintageguitars.fr\/en\/product\/epiphone-al-caiola-custom-3\/"},"modified":"2020-09-03T09:37:20","modified_gmt":"2020-09-03T07:37:20","slug":"epiphone-al-caiola-custom-3","status":"publish","type":"product","link":"https:\/\/vintageguitars.fr\/en\/produit\/epiphone-al-caiola-custom-3\/","title":{"rendered":"Epiphone Al Caiola Custom"},"content":{"rendered":"<p>Et voil\u00e0 encore une Al Caiola custom. Et oui il y en a 2 \u00e0 la boutique. J&#8217;adore ces mod\u00e8les, tellement agr\u00e9ables \u00e0 jouer. Un diapason de 25,5&#8243;, un poil plus long que d&#8217;habitude. Une largeur de manche id\u00e9ale avec 42,8mm au sillet, comme sur les belles Gibson d&#8217;avant 65. Une r\u00e9sonance \u00e0 vide assez importante, mais pas d&#8217;ou\u00efes, donc aucun feedback. Un panel de filtres tr\u00e8s efficaces, et surtout combinables, ce qui n&#8217;est pas possible sur une 345 avec varitone par exemple. Un outil redoutable pour le studio. Ce mod\u00e8le en particulier est en bon \u00e9tat avec des marques de jeu assez prononc\u00e9es au dos mais il n&#8217; a subi aucune casse ou r\u00e9paration. On peut \u00e9galement voir, mais uniquement \u00e0 contre jour que quelques mots d&#8217;une setlist se sont imprim\u00e9s sur le vernis. L&#8217;encre du marqueur a r\u00e9agi avec le vernis, classique. La guitare est fournie avec un \u00e9tui Hiscox qui la prot\u00e8ge bien.<\/p>\n<p>Un des derniers mod\u00e8les fabriqu\u00e9s par Gibson qui soient \u00e0 l&#8217;heure actuelle encore sous-cot\u00e9 \u00e0 mon sens. Ce n&#8217;est pas un mod\u00e8le courant mais qui prend la peine de l&#8217;essayer risque fortement de tomber sous le charme.<\/p>\n","protected":false},"excerpt":{"rendered":"<p>Et voil\u00e0 encore une Al Caiola custom. Et oui il y en a 2 \u00e0 la boutique. J&#8217;adore ces mod\u00e8les, tellement agr\u00e9ables \u00e0 jouer. Un diapason de 25,5&#8243;, un poil plus long que d&#8217;habitude. Une largeur de manche id\u00e9ale avec 42,8mm au sillet, comme sur les belles Gibson d&#8217;avant 65. Une r\u00e9sonance \u00e0 vide assez [&hellip;]<\/p>\n","protected":false},"featured_media":13541,"template":"","meta":{"_acf_changed":false},"product_brand":[],"product_cat":[18,8,30],"product_tag":[],"class_list":{"0":"post-13558","1":"product","2":"type-product","3":"status-publish","4":"has-post-thumbnail","6":"product_cat-electric","7":"product_cat-guitars","8":"product_cat-sold","10":"first","11":"instock","12":"shipping-taxable","13":"purchasable","14":"product-type-simple"},"acf":[],"_links":{"self":[{"href":"https:\/\/vintageguitars.fr\/en\/wp-json\/wp\/v2\/product\/13558","targetHints":{"allow":["GET"]}}],"collection":[{"href":"https:\/\/vintageguitars.fr\/en\/wp-json\/wp\/v2\/product"}],"about":[{"href":"https:\/\/vintageguitars.fr\/en\/wp-json\/wp\/v2\/types\/product"}],"wp:featuredmedia":[{"embeddable":true,"href":"https:\/\/vintageguitars.fr\/en\/wp-json\/wp\/v2\/media\/13541"}],"wp:attachment":[{"href":"https:\/\/vintageguitars.fr\/en\/wp-json\/wp\/v2\/media?parent=13558"}],"wp:term":[{"taxonomy":"product_brand","embeddable":true,"href":"https:\/\/vintageguitars.fr\/en\/wp-json\/wp\/v2\/product_brand?post=13558"},{"taxonomy":"product_cat","embeddable":true,"href":"https:\/\/vintageguitars.fr\/en\/wp-json\/wp\/v2\/product_cat?post=13558"},{"taxonomy":"product_tag","embeddable":true,"href":"https:\/\/vintageguitars.fr\/en\/wp-json\/wp\/v2\/product_tag?post=13558"}],"curies":[{"name":"wp","href":"https:\/\/api.w.org\/{rel}","templated":true}]}}