{"id":13471,"date":"2020-06-27T09:36:43","date_gmt":"2020-06-27T07:36:43","guid":{"rendered":"https:\/\/vintageguitars.fr\/en\/product\/kamaka-ukulele\/"},"modified":"2020-12-20T07:55:19","modified_gmt":"2020-12-20T06:55:19","slug":"kamaka-ukulele","status":"publish","type":"product","link":"https:\/\/vintageguitars.fr\/en\/produit\/kamaka-ukulele\/","title":{"rendered":"Kamaka Ukulele"},"content":{"rendered":"<p>Chouette petit Ukulele tout en Koa. Fabriqu\u00e9 dans les ann\u00e9es 50, il est relativement bien conserv\u00e9. Il a juste 2 petites fentes stabilis\u00e9es derri\u00e8re le chevalet, rien qui l&#8217;emp\u00eache de sonner. Il est m\u00eame plut\u00f4t impressionnant de ce c\u00f4t\u00e9 l\u00e0. En \u00e9tui rigide.<\/p>\n","protected":false},"excerpt":{"rendered":"<p>Chouette petit Ukulele tout en Koa. Fabriqu\u00e9 dans les ann\u00e9es 50, il est relativement bien conserv\u00e9. Il a juste 2 petites fentes stabilis\u00e9es derri\u00e8re le chevalet, rien qui l&#8217;emp\u00eache de sonner. Il est m\u00eame plut\u00f4t impressionnant de ce c\u00f4t\u00e9 l\u00e0. En \u00e9tui rigide.<\/p>\n","protected":false},"featured_media":13291,"template":"","meta":{"_acf_changed":false},"product_brand":[],"product_cat":[8,14,30],"product_tag":[],"class_list":{"0":"post-13471","1":"product","2":"type-product","3":"status-publish","4":"has-post-thumbnail","6":"product_cat-guitars","7":"product_cat-other","8":"product_cat-sold","10":"first","11":"instock","12":"shipping-taxable","13":"purchasable","14":"product-type-simple"},"acf":[],"_links":{"self":[{"href":"https:\/\/vintageguitars.fr\/en\/wp-json\/wp\/v2\/product\/13471","targetHints":{"allow":["GET"]}}],"collection":[{"href":"https:\/\/vintageguitars.fr\/en\/wp-json\/wp\/v2\/product"}],"about":[{"href":"https:\/\/vintageguitars.fr\/en\/wp-json\/wp\/v2\/types\/product"}],"wp:featuredmedia":[{"embeddable":true,"href":"https:\/\/vintageguitars.fr\/en\/wp-json\/wp\/v2\/media\/13291"}],"wp:attachment":[{"href":"https:\/\/vintageguitars.fr\/en\/wp-json\/wp\/v2\/media?parent=13471"}],"wp:term":[{"taxonomy":"product_brand","embeddable":true,"href":"https:\/\/vintageguitars.fr\/en\/wp-json\/wp\/v2\/product_brand?post=13471"},{"taxonomy":"product_cat","embeddable":true,"href":"https:\/\/vintageguitars.fr\/en\/wp-json\/wp\/v2\/product_cat?post=13471"},{"taxonomy":"product_tag","embeddable":true,"href":"https:\/\/vintageguitars.fr\/en\/wp-json\/wp\/v2\/product_tag?post=13471"}],"curies":[{"name":"wp","href":"https:\/\/api.w.org\/{rel}","templated":true}]}}